{"id":91928,"date":"2026-04-20T07:22:45","date_gmt":"2026-04-20T05:22:45","guid":{"rendered":"https:\/\/bio-balkon.de\/?page_id=91928"},"modified":"2026-04-21T05:15:16","modified_gmt":"2026-04-21T03:15:16","slug":"feedback-testimonials-wirksamkeit-online-bio-balkon-kongress","status":"publish","type":"page","link":"https:\/\/bio-balkon.de\/en\/feedback-testimonials-wirksamkeit-online-bio-balkon-kongress\/","title":{"rendered":"Feed\u00adback, Tes\u00adti\u00admo\u00adni\u00adals, Wirk\u00adsam\u00adkeit Online Bio-Bal\u00adkon-Kon\u00adgress"},"content":{"rendered":"<div data-elementor-type=\"wp-page\" data-elementor-id=\"91928\" class=\"elementor elementor-91928\" data-elementor-post-type=\"page\">\n\t\t\t\t\t\t<section class=\"elementor-section elementor-top-section elementor-element elementor-element-2310d79 elementor-section-boxed elementor-section-height-default elementor-section-height-default\" data-id=\"2310d79\" data-element_type=\"section\" data-e-type=\"section\">\n\t\t\t\t\t\t<div class=\"elementor-container elementor-column-gap-default\">\n\t\t\t\t\t<div class=\"elementor-column elementor-col-100 elementor-top-column elementor-element elementor-element-d485171\" data-id=\"d485171\" data-element_type=\"column\" data-e-type=\"column\">\n\t\t\t<div class=\"elementor-widget-wrap elementor-element-populated\">\n\t\t\t\t\t\t<section class=\"elementor-section elementor-inner-section elementor-element elementor-element-ef38984 elementor-section-boxed elementor-section-height-default elementor-section-height-default\" data-id=\"ef38984\" data-element_type=\"section\" data-e-type=\"section\">\n\t\t\t\t\t\t<div class=\"elementor-container elementor-column-gap-default\">\n\t\t\t\t\t<div class=\"elementor-column elementor-col-100 elementor-inner-column elementor-element elementor-element-8b3c8f6\" data-id=\"8b3c8f6\" data-element_type=\"column\" data-e-type=\"column\">\n\t\t\t<div class=\"elementor-widget-wrap elementor-element-populated\">\n\t\t\t\t\t\t<div class=\"elementor-element elementor-element-493304a elementor-widget elementor-widget-heading\" data-id=\"493304a\" data-element_type=\"widget\" data-e-type=\"widget\" data-widget_type=\"heading.default\">\n\t\t\t\t\t<h1 class=\"elementor-heading-title elementor-size-default\">Rabatt Gut\u00adschein f\u00fcr Son\u00adnen\u00ader\u00adde<\/h1>\t\t\t\t<\/div>\n\t\t\t\t<div class=\"elementor-element elementor-element-1b04ec7 elementor-widget elementor-widget-text-editor\" data-id=\"1b04ec7\" data-element_type=\"widget\" data-e-type=\"widget\" data-widget_type=\"text-editor.default\">\n\t\t\t\t\t\t\t\t\t<p><br>Die sch\u00f6ns\u00adten Nach\u00adrich\u00adten bekom\u00adme ich t\u00e4g\u00adlich von Euch, lie\u00adbe Kon\u00adgress\u00adleilneh\u00adme\u00adrin\u00adnen und Teil\u00adneh\u00admer. Denn: der Bio-Bal\u00adkon-Kon\u00adgress wirkt.<\/p>\n<p><\/p>\n<p><\/p>\t\t\t\t\t\t\t\t<\/div>\n\t\t\t\t<div class=\"elementor-element elementor-element-8a1a1e4 elementor-widget elementor-widget-text-editor\" data-id=\"8a1a1e4\" data-element_type=\"widget\" data-e-type=\"widget\" data-widget_type=\"text-editor.default\">\n\t\t\t\t\t\t\t\t\t<p>&nbsp;<\/p>\n<p>Wir k\u00fcm\u00admern uns um Ber\u00adlin. Im neu\u00aden Design, mit der\u00adsel\u00adben Moti\u00adva\u00adti\u00adon: Wir wol\u00adlen Ber\u00adlin bes\u00adser machen \u2013 gemein\u00adsam mit Ihnen. Wel\u00adche The\u00admen gehen wir als N\u00e4chs\u00adtes an? Was nervt Sie beson\u00adders? Schrei\u00adben Sie uns: checkpoint@tagesspiegel.de. Wir h\u00f6ren zu.<\/p>\n<p>Apro\u00adpos Zuh\u00f6\u00adren: Den Check\u00adpoint gibt\u2019s wie gewohnt ab 6 Uhr per Mail \u2013 und jetzt zus\u00e4tz\u00adlich als Arti\u00adkel auf tagesspiegel.de. Sie haben kei\u00adne Zeit, das alles zu lesen? Als Abon\u00adnen\u00adten k\u00f6n\u00adnen Sie sich den Check\u00adpoint jetzt auch vor\u00adle\u00adsen las\u00adsen \u2013 in der Tages\u00adspie\u00adgel-App (ein\u00adfach auf das Kopf\u00adh\u00f6\u00adrer\u00adsym\u00adbol unten rechts kli\u00adcken). Hier geht\u2019s zur Web-Ver\u00adsi\u00adon T+ Logo.<\/p>\n<p>Unser Mot\u00adto bleibt: F\u00fcr Ber\u00adlin\u00adken\u00adner und alle, die es wer\u00adden wol\u00adlen. Wir w\u00fcn\u00adschen Ihnen viel Spa\u00df bei der Lek\u00adt\u00fc\u00adre.<\/p>\n<p><\/p>\n<p><\/p>\t\t\t\t\t\t\t\t<\/div>\n\t\t\t\t<div class=\"elementor-element elementor-element-9465328 elementor-widget elementor-widget-shortcode\" data-id=\"9465328\" data-element_type=\"widget\" data-e-type=\"widget\" data-widget_type=\"shortcode.default\">\n\t\t\t\t\t\t\t<div class=\"elementor-shortcode\"><center><div class=\"shariff shariff-align-center shariff-widget-align-left\"><ul class=\"shariff-buttons theme-round orientation-horizontal buttonsize-small\"><li class=\"shariff-button facebook shariff-nocustomcolor\" style=\"background-color:#4273c8\"><a href=\"https:\/\/www.facebook.com\/sharer\/sharer.php?u=https%3A%2F%2Fbio-balkon.de%2Fen%2Ffeedback-testimonials-wirksamkeit-online-bio-balkon-kongress%2F\" title=\"Share on Facebook\" aria-label=\"Share on Facebook\" role=\"button\" rel=\"nofollow\" class=\"shariff-link\" style=\"; background-color:#3b5998; color:#fff\" target=\"_blank\"><span class=\"shariff-icon\" style><svg width=\"32px\" height=\"20px\" viewBox=\"0 0 18 32\"><path fill=\"#3b5998\" d=\"M17.1 0.2v4.7h-2.8q-1.5 0-2.1 0.6t-0.5 1.9v3.4h5.2l-0.7 5.3h-4.5v13.6h-5.5v-13.6h-4.5v-5.3h4.5v-3.9q0-3.3 1.9-5.2t5-1.8q2.6 0 4.1 0.2z\" \/><\/svg><\/span><\/a><\/li><li class=\"shariff-button pinterest shariff-nocustomcolor\" style=\"background-color:#e70f18\"><a href=\"https:\/\/www.pinterest.com\/pin\/create\/link\/?url=https%3A%2F%2Fbio-balkon.de%2Fen%2Ffeedback-testimonials-wirksamkeit-online-bio-balkon-kongress%2F&amp;media=https%3A%2F%2Fbio-balkon.de%2Fwp-content%2Fuploads%2F2025%2F04%2Fsonnenerde-bio-anzuchterde-1664354-de-203x300.avif&amp;description=Feedback%2C%20Testimonials%2C%20Wirksamkeit%20Online%20Bio-Balkon-Kongress\" title=\"Pin on Pinterest\" aria-label=\"Pin on Pinterest\" role=\"button\" rel=\"noopener nofollow\" class=\"shariff-link\" style=\"; background-color:#cb2027; color:#fff\" target=\"_blank\"><span class=\"shariff-icon\" style><svg width=\"32px\" height=\"20px\" viewBox=\"0 0 27 32\"><path fill=\"#cb2027\" d=\"M27.4 16q0 3.7-1.8 6.9t-5 5-6.9 1.9q-2 0-3.9-0.6 1.1-1.7 1.4-2.9 0.2-0.6 1-3.8 0.4 0.7 1.3 1.2t2 0.5q2.1 0 3.8-1.2t2.7-3.4 0.9-4.8q0-2-1.1-3.8t-3.1-2.9-4.5-1.2q-1.9 0-3.5 0.5t-2.8 1.4-2 2-1.2 2.3-0.4 2.4q0 1.9 0.7 3.3t2.1 2q0.5 0.2 0.7-0.4 0-0.1 0.1-0.5t0.2-0.5q0.1-0.4-0.2-0.8-0.9-1.1-0.9-2.7 0-2.7 1.9-4.6t4.9-2q2.7 0 4.2 1.5t1.5 3.8q0 3-1.2 5.2t-3.1 2.1q-1.1 0-1.7-0.8t-0.4-1.9q0.1-0.6 0.5-1.7t0.5-1.8 0.2-1.4q0-0.9-0.5-1.5t-1.4-0.6q-1.1 0-1.9 1t-0.8 2.6q0 1.3 0.4 2.2l-1.8 7.5q-0.3 1.2-0.2 3.2-3.7-1.6-6-5t-2.3-7.6q0-3.7 1.9-6.9t5-5 6.9-1.9 6.9 1.9 5 5 1.8 6.9z\" \/><\/svg><\/span><\/a><\/li><li class=\"shariff-button telegram shariff-nocustomcolor\" style=\"background-color:#4084A6\"><a href=\"https:\/\/telegram.me\/share\/url?url=https%3A%2F%2Fbio-balkon.de%2Fen%2Ffeedback-testimonials-wirksamkeit-online-bio-balkon-kongress%2F&amp;text=Feedback%2C%20Testimonials%2C%20Wirksamkeit%20Online%20Bio-Balkon-Kongress\" title=\"Share on Telegram\" aria-label=\"Share on Telegram\" role=\"button\" rel=\"noopener nofollow\" class=\"shariff-link\" style=\"; background-color:#0088cc; color:#fff\" target=\"_blank\"><span class=\"shariff-icon\" style><svg width=\"32px\" height=\"20px\" viewBox=\"0 0 32 32\"><path fill=\"#0088cc\" d=\"M30.8 6.5l-4.5 21.4c-.3 1.5-1.2 1.9-2.5 1.2L16.9 24l-3.3 3.2c-.4.4-.7.7-1.4.7l.5-7L25.5 9.2c.6-.5-.1-.8-.9-.3l-15.8 10L2 16.7c-1.5-.5-1.5-1.5.3-2.2L28.9 4.3c1.3-.5 2.3.3 1.9 2.2z\" \/><\/svg><\/span><\/a><\/li><li class=\"shariff-button twitter shariff-nocustomcolor\" style=\"background-color:#595959\"><a href=\"https:\/\/twitter.com\/share?url=https%3A%2F%2Fbio-balkon.de%2Fen%2Ffeedback-testimonials-wirksamkeit-online-bio-balkon-kongress%2F&amp;text=Feedback%2C%20Testimonials%2C%20Wirksamkeit%20Online%20Bio-Balkon-Kongress\" title=\"Share at X\" aria-label=\"Share at X\" role=\"button\" rel=\"noopener nofollow\" class=\"shariff-link\" style=\"; background-color:#000; color:#fff\" target=\"_blank\"><span class=\"shariff-icon\" style><svg width=\"32px\" height=\"20px\" viewBox=\"0 0 24 24\"><path fill=\"#000\" d=\"M14.258 10.152L23.176 0h-2.113l-7.747 8.813L7.133 0H0l9.352 13.328L0 23.973h2.113l8.176-9.309 6.531 9.309h7.133zm-2.895 3.293l-.949-1.328L2.875 1.56h3.246l6.086 8.523.945 1.328 7.91 11.078h-3.246zm0 0\" \/><\/svg><\/span><\/a><\/li><li class=\"shariff-button whatsapp shariff-nocustomcolor\" style=\"background-color:#5cbe4a\"><a href=\"https:\/\/api.whatsapp.com\/send?text=https%3A%2F%2Fbio-balkon.de%2Fen%2Ffeedback-testimonials-wirksamkeit-online-bio-balkon-kongress%2F%20Feedback%2C%20Testimonials%2C%20Wirksamkeit%20Online%20Bio-Balkon-Kongress\" title=\"Share on Whatsapp\" aria-label=\"Share on Whatsapp\" role=\"button\" rel=\"noopener nofollow\" class=\"shariff-link\" style=\"; background-color:#34af23; color:#fff\" target=\"_blank\"><span class=\"shariff-icon\" style><svg width=\"32px\" height=\"20px\" viewBox=\"0 0 32 32\"><path fill=\"#34af23\" d=\"M17.6 17.4q0.2 0 1.7 0.8t1.6 0.9q0 0.1 0 0.3 0 0.6-0.3 1.4-0.3 0.7-1.3 1.2t-1.8 0.5q-1 0-3.4-1.1-1.7-0.8-3-2.1t-2.6-3.3q-1.3-1.9-1.3-3.5v-0.1q0.1-1.6 1.3-2.8 0.4-0.4 0.9-0.4 0.1 0 0.3 0t0.3 0q0.3 0 0.5 0.1t0.3 0.5q0.1 0.4 0.6 1.6t0.4 1.3q0 0.4-0.6 1t-0.6 0.8q0 0.1 0.1 0.3 0.6 1.3 1.8 2.4 1 0.9 2.7 1.8 0.2 0.1 0.4 0.1 0.3 0 1-0.9t0.9-0.9zM14 26.9q2.3 0 4.3-0.9t3.6-2.4 2.4-3.6 0.9-4.3-0.9-4.3-2.4-3.6-3.6-2.4-4.3-0.9-4.3 0.9-3.6 2.4-2.4 3.6-0.9 4.3q0 3.6 2.1 6.6l-1.4 4.2 4.3-1.4q2.8 1.9 6.2 1.9zM14 2.2q2.7 0 5.2 1.1t4.3 2.9 2.9 4.3 1.1 5.2-1.1 5.2-2.9 4.3-4.3 2.9-5.2 1.1q-3.5 0-6.5-1.7l-7.4 2.4 2.4-7.2q-1.9-3.2-1.9-6.9 0-2.7 1.1-5.2t2.9-4.3 4.3-2.9 5.2-1.1z\" \/><\/svg><\/span><\/a><\/li><\/ul><\/div><\/center><\/div>\n\t\t\t\t\t\t<\/div>\n\t\t\t\t\t<\/div>\n\t\t<\/div>\n\t\t\t\t\t<\/div>\n\t\t<\/section>\n\t\t\t\t\t<\/div>\n\t\t<\/div>\n\t\t\t\t\t<\/div>\n\t\t<\/section>\n\t\t\t\t<section class=\"elementor-section elementor-top-section elementor-element elementor-element-9547b84 elementor-section-boxed elementor-section-height-default elementor-section-height-default\" data-id=\"9547b84\" data-element_type=\"section\" data-e-type=\"section\">\n\t\t\t\t\t\t<div class=\"elementor-container elementor-column-gap-default\">\n\t\t\t\t\t<div class=\"elementor-column elementor-col-100 elementor-top-column elementor-element elementor-element-97cd4a4\" data-id=\"97cd4a4\" data-element_type=\"column\" data-e-type=\"column\">\n\t\t\t<div class=\"elementor-widget-wrap elementor-element-populated\">\n\t\t\t\t\t\t<section class=\"elementor-section elementor-inner-section elementor-element elementor-element-3b13ef7 elementor-section-boxed elementor-section-height-default elementor-section-height-default\" data-id=\"3b13ef7\" data-element_type=\"section\" data-e-type=\"section\" data-settings=\"{&quot;background_background&quot;:&quot;classic&quot;}\">\n\t\t\t\t\t\t<div class=\"elementor-container elementor-column-gap-default\">\n\t\t\t\t\t<div class=\"elementor-column elementor-col-100 elementor-inner-column elementor-element elementor-element-3832f2a\" data-id=\"3832f2a\" data-element_type=\"column\" data-e-type=\"column\">\n\t\t\t<div class=\"elementor-widget-wrap elementor-element-populated\">\n\t\t\t\t\t\t<div class=\"elementor-element elementor-element-76f4398 elementor-widget elementor-widget-text-editor\" data-id=\"76f4398\" data-element_type=\"widget\" data-e-type=\"widget\" data-widget_type=\"text-editor.default\">\n\t\t\t\t\t\t\t\t\t<blockquote>\n<div><span style=\"font-family: Verdana;\">Hel\u00adlo dear Bir\u00adgit,&nbsp;<br><br>seit eini\u00adgen Jah\u00adren inspi\u00adrierst du mich jedes Jahr auf\u2019s Neue, unse\u00adren Bal\u00adkon zu begr\u00fc\u00adnen und zu bebl\u00fc\u00adten. Es klappt nicht alles, doch inzwi\u00adschen immer mehr. Dan\u00adke dir, du schenkst mir damit einen rie\u00adsi\u00adgen Korb Zuver\u00adsicht und Hoff\u00adnung f\u00fcr Insek\u00adten und ande\u00adre klei\u00adne Tier\u00adchen, wie z. B. Eich\u00adh\u00f6rn\u00adchen oder V\u00f6gel in die\u00adsen Zei\u00adten, die einen \u00f6fter mal tr\u00fcb\u00adsin\u00adnig wer\u00adden las\u00adsen k\u00f6n\u00adnen. Ich ver\u00adste\u00adhe \u00fcber\u00adhaupt nicht, dass es noch Men\u00adschen gibt, die ihren Bal\u00adkon nicht begr\u00fc\u00adnen wol\u00adlen \ud83d\ude09<br><br>Best regards<br>Annet\u00adte aus Dort\u00admund<\/span><\/div>\n<\/blockquote>\t\t\t\t\t\t\t\t<\/div>\n\t\t\t\t\t<\/div>\n\t\t<\/div>\n\t\t\t\t\t<\/div>\n\t\t<\/section>\n\t\t\t\t\t<\/div>\n\t\t<\/div>\n\t\t\t\t\t<\/div>\n\t\t<\/section>\n\t\t\t\t<section class=\"elementor-section elementor-top-section elementor-element elementor-element-76d9abd elementor-section-boxed elementor-section-height-default elementor-section-height-default\" data-id=\"76d9abd\" data-element_type=\"section\" data-e-type=\"section\">\n\t\t\t\t\t\t<div class=\"elementor-container elementor-column-gap-default\">\n\t\t\t\t\t<div class=\"elementor-column elementor-col-100 elementor-top-column elementor-element elementor-element-122df86\" data-id=\"122df86\" data-element_type=\"column\" data-e-type=\"column\">\n\t\t\t<div class=\"elementor-widget-wrap elementor-element-populated\">\n\t\t\t\t\t\t<section class=\"elementor-section elementor-inner-section elementor-element elementor-element-1259695 elementor-section-boxed elementor-section-height-default elementor-section-height-default\" data-id=\"1259695\" data-element_type=\"section\" data-e-type=\"section\" data-settings=\"{&quot;background_background&quot;:&quot;classic&quot;}\">\n\t\t\t\t\t\t<div class=\"elementor-container elementor-column-gap-default\">\n\t\t\t\t\t<div class=\"elementor-column elementor-col-50 elementor-inner-column elementor-element elementor-element-d8c0329\" data-id=\"d8c0329\" data-element_type=\"column\" data-e-type=\"column\">\n\t\t\t<div class=\"elementor-widget-wrap elementor-element-populated\">\n\t\t\t\t\t\t<div class=\"elementor-element elementor-element-32ca595 elementor-widget elementor-widget-image\" data-id=\"32ca595\" data-element_type=\"widget\" data-e-type=\"widget\" data-widget_type=\"image.default\">\n\t\t\t\t\t\t\t\t\t\t\t\t\t\t\t\t<a href=\"https:\/\/www.bloomling.de\/sonnenerde\/anzuchterde\" target=\"_blank\">\n\t\t\t\t\t\t\t<img loading=\"lazy\" decoding=\"async\" width=\"203\" height=\"300\" src=\"https:\/\/bio-balkon.de\/wp-content\/uploads\/2025\/04\/sonnenerde-bio-anzuchterde-1664354-de-203x300.avif\" class=\"attachment-medium size-medium wp-image-79179\" alt=\"Substrat f\u00fcr die Anzucht von Kr\u00e4utern und Jungpflanzen\" srcset=\"https:\/\/bio-balkon.de\/wp-content\/uploads\/2025\/04\/sonnenerde-bio-anzuchterde-1664354-de-203x300.avif 203w, https:\/\/bio-balkon.de\/wp-content\/uploads\/2025\/04\/sonnenerde-bio-anzuchterde-1664354-de-693x1024.avif 693w, https:\/\/bio-balkon.de\/wp-content\/uploads\/2025\/04\/sonnenerde-bio-anzuchterde-1664354-de-768x1135.avif 768w, https:\/\/bio-balkon.de\/wp-content\/uploads\/2025\/04\/sonnenerde-bio-anzuchterde-1664354-de-8x12.png 8w, https:\/\/bio-balkon.de\/wp-content\/uploads\/2025\/04\/sonnenerde-bio-anzuchterde-1664354-de.avif 1024w\" sizes=\"auto, (max-width: 203px) 100vw, 203px\">\t\t\t\t\t\t\t\t<\/a>\n\t\t\t\t\t\t\t\t\t\t\t\t\t\t\t<\/div>\n\t\t\t\t\t<\/div>\n\t\t<\/div>\n\t\t\t\t<div class=\"elementor-column elementor-col-50 elementor-inner-column elementor-element elementor-element-861ea63\" data-id=\"861ea63\" data-element_type=\"column\" data-e-type=\"column\">\n\t\t\t<div class=\"elementor-widget-wrap elementor-element-populated\">\n\t\t\t\t\t\t<div class=\"elementor-element elementor-element-5b5761e elementor-widget elementor-widget-heading\" data-id=\"5b5761e\" data-element_type=\"widget\" data-e-type=\"widget\" data-widget_type=\"heading.default\">\n\t\t\t\t\t<h2 class=\"elementor-heading-title elementor-size-default\">F\u00fcr K\u00fcchen\u00adkr\u00e4u\u00adter und Anzuch\u00adten: Bio Anzucht\u00ader\u00adde von Son\u00adnen\u00ader\u00adde<\/h2>\t\t\t\t<\/div>\n\t\t\t\t<div class=\"elementor-element elementor-element-0a72e65 elementor-widget elementor-widget-text-editor\" data-id=\"0a72e65\" data-element_type=\"widget\" data-e-type=\"widget\" data-widget_type=\"text-editor.default\">\n\t\t\t\t\t\t\t\t\t<ul class=\"a-unordered-list a-vertical a-spacing-mini\">\n<li>Torf\u00adfreie Anzucht\u00ader\u00adde<\/li>\n<li>Zum Aus\u00ads\u00e4\u00aden von Gem\u00fc\u00adse und Blu\u00admen<\/li>\n<li>Locke\u00adre und luf\u00adti\u00adge Struk\u00adtur<\/li>\n<li>Schont die Wur\u00adzeln beim Pikie\u00adren<\/li>\n<li>Her\u00advor\u00adra\u00adgen\u00adde Was\u00adser\u00adspei\u00adcher\u00adf\u00e4\u00adhig\u00adkeit<\/li>\n<li>Her\u00adge\u00adstellt aus Bio Kom\u00adpost, Holz\u00adfa\u00adser, Bl\u00e4h\u00adton\u00adgra\u00adnu\u00adlat und Horn\u00adsp\u00e4\u00adne<\/li>\n<li>Siebung: 8 mm<\/li>\n<\/ul>\n<p>F\u00fcr das gesam\u00adte sehr emp\u00adfeh\u00adlens\u00adwer\u00adte Erden-Sor\u00adti\u00adment <a href=\"https:\/\/www.bloomling.de\/sonnenerde\" target=\"_blank\" rel=\"noopener\">Son\u00adnen\u00ader\u00adde bei Bloom\u00adling<\/a> haben wir einen Rabatt Gut\u00adschein mit Code <strong>BIO-BALKON5<\/strong><\/p>\t\t\t\t\t\t\t\t<\/div>\n\t\t\t\t<div class=\"elementor-element elementor-element-2d996d2 elementor-mobile-align-center elementor-widget elementor-widget-button\" data-id=\"2d996d2\" data-element_type=\"widget\" data-e-type=\"widget\" data-widget_type=\"button.default\">\n\t\t\t\t\t\t\t\t\t\t<a class=\"elementor-button elementor-button-link elementor-size-sm\" href=\"https:\/\/www.bloomling.de\/sonnenerde\/anzuchterde\" target=\"_blank\">\n\t\t\t\t\t\t<span class=\"elementor-button-content-wrapper\">\n\t\t\t\t\t\t\t\t\t<span class=\"elementor-button-text\">Zum Pro\u00addukt mit Code BIO-BALKON5<\/span>\n\t\t\t\t\t<\/span>\n\t\t\t\t\t<\/a>\n\t\t\t\t\t\t\t\t<\/div>\n\t\t\t\t\t<\/div>\n\t\t<\/div>\n\t\t\t\t\t<\/div>\n\t\t<\/section>\n\t\t\t\t\t<\/div>\n\t\t<\/div>\n\t\t\t\t\t<\/div>\n\t\t<\/section>\n\t\t\t\t<\/div>","protected":false},"excerpt":{"rendered":"<p>Rabatt Gutschein f\u00fcr Sonnenerde Die sch\u00f6nsten Nachrichten bekomme ich t\u00e4glich von Euch, liebe Kongressleilnehmerinnen und Teilnehmer. Denn: der Bio-Balkon-Kongress wirkt. \u00a0 Wir k\u00fcmmern uns um Berlin. Im neuen Design, mit derselben Motivation: Wir wollen Berlin besser machen \u2013 gemeinsam mit Ihnen. Welche Themen gehen wir als N\u00e4chstes an? Was nervt Sie besonders? Schreiben Sie uns: [&hellip;]<\/p>\n","protected":false},"author":5,"featured_media":0,"parent":0,"menu_order":0,"comment_status":"closed","ping_status":"closed","template":"","meta":{"_acf_changed":false,"wp_typography_post_enhancements_disabled":false,"footnotes":""},"class_list":["post-91928","page","type-page","status-publish","hentry"],"acf":[],"_links":{"self":[{"href":"https:\/\/bio-balkon.de\/en\/wp-json\/wp\/v2\/pages\/91928","targetHints":{"allow":["GET"]}}],"collection":[{"href":"https:\/\/bio-balkon.de\/en\/wp-json\/wp\/v2\/pages"}],"about":[{"href":"https:\/\/bio-balkon.de\/en\/wp-json\/wp\/v2\/types\/page"}],"author":[{"embeddable":true,"href":"https:\/\/bio-balkon.de\/en\/wp-json\/wp\/v2\/users\/5"}],"replies":[{"embeddable":true,"href":"https:\/\/bio-balkon.de\/en\/wp-json\/wp\/v2\/comments?post=91928"}],"version-history":[{"count":3,"href":"https:\/\/bio-balkon.de\/en\/wp-json\/wp\/v2\/pages\/91928\/revisions"}],"predecessor-version":[{"id":91941,"href":"https:\/\/bio-balkon.de\/en\/wp-json\/wp\/v2\/pages\/91928\/revisions\/91941"}],"wp:attachment":[{"href":"https:\/\/bio-balkon.de\/en\/wp-json\/wp\/v2\/media?parent=91928"}],"curies":[{"name":"wp","href":"https:\/\/api.w.org\/{rel}","templated":true}]}}