{"id":89198,"date":"2026-03-11T07:20:02","date_gmt":"2026-03-11T06:20:02","guid":{"rendered":"https:\/\/bio-balkon.de\/?page_id=89198"},"modified":"2026-03-11T07:37:45","modified_gmt":"2026-03-11T06:37:45","slug":"ueber-mich-2","status":"publish","type":"page","link":"https:\/\/bio-balkon.de\/en\/ueber-mich-2\/","title":{"rendered":"\u00dcber mich Geschen\u00adke Rabat\u00adte Medu\u00admio"},"content":{"rendered":"\t\t<div data-elementor-type=\"wp-page\" data-elementor-id=\"89198\" class=\"elementor elementor-89198\" data-elementor-post-type=\"page\">\n\t\t\t\t\t\t<section class=\"elementor-section elementor-top-section elementor-element elementor-element-a9e8bd7 elementor-section-boxed elementor-section-height-default elementor-section-height-default\" data-id=\"a9e8bd7\" data-element_type=\"section\" data-e-type=\"section\">\n\t\t\t\t\t\t<div class=\"elementor-container elementor-column-gap-default\">\n\t\t\t\t\t<div class=\"elementor-column elementor-col-100 elementor-top-column elementor-element elementor-element-6904799\" data-id=\"6904799\" data-element_type=\"column\" data-e-type=\"column\" data-settings=\"{&quot;background_background&quot;:&quot;classic&quot;}\">\n\t\t\t<div class=\"elementor-widget-wrap elementor-element-populated\">\n\t\t\t\t\t\t<div class=\"elementor-element elementor-element-952b67f elementor-widget elementor-widget-image\" data-id=\"952b67f\" data-element_type=\"widget\" data-e-type=\"widget\" data-widget_type=\"image.default\">\n\t\t\t\t\t\t\t\t\t\t\t\t\t\t\t<img loading=\"lazy\" decoding=\"async\" width=\"768\" height=\"333\" src=\"https:\/\/bio-balkon.de\/wp-content\/uploads\/2020\/10\/cover-hallo-ich-bin-birgit-schattling-kongress-elevator-pitch-bildschirmfoto-768x333.avif\" class=\"attachment-medium_large size-medium_large wp-image-12572\" alt=\"\" srcset=\"https:\/\/bio-balkon.de\/wp-content\/uploads\/2020\/10\/cover-hallo-ich-bin-birgit-schattling-kongress-elevator-pitch-bildschirmfoto-768x333.avif 768w, https:\/\/bio-balkon.de\/wp-content\/uploads\/2020\/10\/cover-hallo-ich-bin-birgit-schattling-kongress-elevator-pitch-bildschirmfoto-300x130.avif 300w, https:\/\/bio-balkon.de\/wp-content\/uploads\/2020\/10\/cover-hallo-ich-bin-birgit-schattling-kongress-elevator-pitch-bildschirmfoto-1024x444.avif 1024w, https:\/\/bio-balkon.de\/wp-content\/uploads\/2020\/10\/cover-hallo-ich-bin-birgit-schattling-kongress-elevator-pitch-bildschirmfoto-1536x666.avif 1536w, https:\/\/bio-balkon.de\/wp-content\/uploads\/2020\/10\/cover-hallo-ich-bin-birgit-schattling-kongress-elevator-pitch-bildschirmfoto.avif 2048w, https:\/\/bio-balkon.de\/wp-content\/uploads\/2020\/10\/cover-hallo-ich-bin-birgit-schattling-kongress-elevator-pitch-bildschirmfoto-18x8.avif 18w, https:\/\/bio-balkon.de\/wp-content\/uploads\/2020\/10\/cover-hallo-ich-bin-birgit-schattling-kongress-elevator-pitch-bildschirmfoto-1320x572.avif 1320w\" sizes=\"auto, (max-width: 768px) 100vw, 768px\" \/>\t\t\t\t\t\t\t\t\t\t\t\t\t\t\t<\/div>\n\t\t\t\t\t<\/div>\n\t\t<\/div>\n\t\t\t\t\t<\/div>\n\t\t<\/section>\n\t\t\t\t<section class=\"elementor-section elementor-top-section elementor-element elementor-element-20c7d5e elementor-section-boxed elementor-section-height-default elementor-section-height-default\" data-id=\"20c7d5e\" data-element_type=\"section\" data-e-type=\"section\">\n\t\t\t\t\t\t<div class=\"elementor-container elementor-column-gap-default\">\n\t\t\t\t\t<div class=\"elementor-column elementor-col-100 elementor-top-column elementor-element elementor-element-7864643\" data-id=\"7864643\" data-element_type=\"column\" data-e-type=\"column\" data-settings=\"{&quot;background_background&quot;:&quot;classic&quot;}\">\n\t\t\t<div class=\"elementor-widget-wrap elementor-element-populated\">\n\t\t\t\t\t\t<section class=\"elementor-section elementor-inner-section elementor-element elementor-element-839a8f9 elementor-section-boxed elementor-section-height-default elementor-section-height-default\" data-id=\"839a8f9\" data-element_type=\"section\" data-e-type=\"section\">\n\t\t\t\t\t\t<div class=\"elementor-container elementor-column-gap-default\">\n\t\t\t\t\t<div class=\"elementor-column elementor-col-50 elementor-inner-column elementor-element elementor-element-fc170de\" data-id=\"fc170de\" data-element_type=\"column\" data-e-type=\"column\">\n\t\t\t<div class=\"elementor-widget-wrap elementor-element-populated\">\n\t\t\t\t\t\t<div class=\"elementor-element elementor-element-96e1adc elementor-widget elementor-widget-image\" data-id=\"96e1adc\" data-element_type=\"widget\" data-e-type=\"widget\" data-widget_type=\"image.default\">\n\t\t\t\t\t\t\t\t\t\t\t\t\t\t\t\t<a href=\"https:\/\/bio-balkon.de\/kongresse\/kongress-18\/\" target=\"_blank\">\n\t\t\t\t\t\t\t<img loading=\"lazy\" decoding=\"async\" width=\"150\" height=\"150\" src=\"https:\/\/bio-balkon.de\/wp-content\/uploads\/2026\/03\/Kongress-18-2026-Insta--150x150.avif\" class=\"attachment-thumbnail size-thumbnail wp-image-89205\" alt=\"Werbebild f\u00fcr den 18. Online Bio-Balkon-Kongress &quot;Heilkraft vom Balkon&quot;\" \/>\t\t\t\t\t\t\t\t<\/a>\n\t\t\t\t\t\t\t\t\t\t\t\t\t\t\t<\/div>\n\t\t\t\t\t<\/div>\n\t\t<\/div>\n\t\t\t\t<div class=\"elementor-column elementor-col-50 elementor-inner-column elementor-element elementor-element-74d49de\" data-id=\"74d49de\" data-element_type=\"column\" data-e-type=\"column\">\n\t\t\t<div class=\"elementor-widget-wrap elementor-element-populated\">\n\t\t\t\t\t\t<div class=\"elementor-element elementor-element-6095872 elementor-widget elementor-widget-heading\" data-id=\"6095872\" data-element_type=\"widget\" data-e-type=\"widget\" data-widget_type=\"heading.default\">\n\t\t\t\t\t<h3 class=\"elementor-heading-title elementor-size-default\">Am 21. M\u00e4rz startet \"Heilkraft vom Balkon\"<\/h3>\t\t\t\t<\/div>\n\t\t\t\t<div class=\"elementor-element elementor-element-cf1225b elementor-widget elementor-widget-text-editor\" data-id=\"cf1225b\" data-element_type=\"widget\" data-e-type=\"widget\" data-widget_type=\"text-editor.default\">\n\t\t\t\t\t\t\t\t\t<p>Die starke Botschaft des Bio Balkon Kongresses mit 30 kostenfreien Beitr\u00e4gen ist \u2013 dass Balkone, Terrassen und Fensterb\u00e4nke keine Kleinigkeit sind, sondern echte Beitr\u00e4ge zu Gesundheit, Klimaschutz und Artenvielfalt leisten k\u00f6nnen. Der Kongress untermauert das auf eindrucksvolle Weise mit wissenschaftlichen Daten. Beitr\u00e4ge von sieben Balkon-Praktikern, die begeisternd ihre eigenen Balkone vorstellen, zeigen alle auf, wie sie durch die vorherigen Online-Bio-Balkon-Kongresse beeinflusst wurden, ihre Balkone anders zu gestalten &#8211; vielf\u00e4ltiger, tierfreundlicher, mit starkem Einfluss aufs Mikroklima. Sie gestalteten \u00d6kosysteme, selbst im 5. und sogar im 8. Stock in der Gro\u00dfstadt. Damit sind sie sehr gl\u00fccklich und f\u00fchlen sich in diesen herausfordenden Zeiten resilienter. Die Bio-Balkon-Bewegung zeigt, wie es geht.<\/p>\t\t\t\t\t\t\t\t<\/div>\n\t\t\t\t<div class=\"elementor-element elementor-element-5546332 elementor-mobile-align-center elementor-widget elementor-widget-button\" data-id=\"5546332\" data-element_type=\"widget\" data-e-type=\"widget\" data-widget_type=\"button.default\">\n\t\t\t\t\t\t\t\t\t\t<a class=\"elementor-button elementor-button-link elementor-size-sm\" href=\"https:\/\/bio-balkon.de\/kongresse\/kongress-18\/\" target=\"_blank\">\n\t\t\t\t\t\t<span class=\"elementor-button-content-wrapper\">\n\t\t\t\t\t\t\t\t\t<span class=\"elementor-button-text\">Zum Bio-Balkon-Kongress<\/span>\n\t\t\t\t\t<\/span>\n\t\t\t\t\t<\/a>\n\t\t\t\t\t\t\t\t<\/div>\n\t\t\t\t\t<\/div>\n\t\t<\/div>\n\t\t\t\t\t<\/div>\n\t\t<\/section>\n\t\t\t\t\t<\/div>\n\t\t<\/div>\n\t\t\t\t\t<\/div>\n\t\t<\/section>\n\t\t\t\t<section class=\"elementor-section elementor-top-section elementor-element elementor-element-5ef8bb9 elementor-section-boxed elementor-section-height-default elementor-section-height-default\" data-id=\"5ef8bb9\" data-element_type=\"section\" data-e-type=\"section\">\n\t\t\t\t\t\t<div class=\"elementor-container elementor-column-gap-default\">\n\t\t\t\t\t<div class=\"elementor-column elementor-col-100 elementor-top-column elementor-element elementor-element-d260b6b\" data-id=\"d260b6b\" data-element_type=\"column\" data-e-type=\"column\">\n\t\t\t<div class=\"elementor-widget-wrap elementor-element-populated\">\n\t\t\t\t\t\t<div class=\"elementor-element elementor-element-b32de47 elementor-widget elementor-widget-gallery\" data-id=\"b32de47\" data-element_type=\"widget\" data-e-type=\"widget\" data-settings=\"{&quot;aspect_ratio&quot;:&quot;1:1&quot;,&quot;gap&quot;:{&quot;unit&quot;:&quot;px&quot;,&quot;size&quot;:30,&quot;sizes&quot;:[]},&quot;columns_mobile&quot;:2,&quot;columns_tablet&quot;:4,&quot;gap_tablet&quot;:{&quot;unit&quot;:&quot;px&quot;,&quot;size&quot;:20,&quot;sizes&quot;:[]},&quot;gap_mobile&quot;:{&quot;unit&quot;:&quot;px&quot;,&quot;size&quot;:20,&quot;sizes&quot;:[]},&quot;gallery_layout&quot;:&quot;grid&quot;,&quot;columns&quot;:4,&quot;link_to&quot;:&quot;file&quot;,&quot;content_hover_animation&quot;:&quot;fade-in&quot;}\" data-widget_type=\"gallery.default\">\n\t\t\t\t\t\t\t<div class=\"elementor-gallery__container\">\n\t\t\t\t\t\t\t<a class=\"e-gallery-item elementor-gallery-item elementor-animated-content\" href=\"https:\/\/bio-balkon.de\/wp-content\/uploads\/2019\/01\/P1610035-ina-wintergemu\u0308se-feldsalat-super.avif\" data-elementor-open-lightbox=\"yes\" data-elementor-lightbox-slideshow=\"b32de47\" data-elementor-lightbox-title=\"Feldsalat\" data-e-action-hash=\"#elementor-action%3Aaction%3Dlightbox%26settings%3DeyJpZCI6MTAzNzUsInVybCI6Imh0dHBzOlwvXC9iaW8tYmFsa29uLmRlXC93cC1jb250ZW50XC91cGxvYWRzXC8yMDE5XC8wMVwvUDE2MTAwMzUtaW5hLXdpbnRlcmdlbXVcdTAzMDhzZS1mZWxkc2FsYXQtc3VwZXIuYXZpZiIsInNsaWRlc2hvdyI6ImIzMmRlNDcifQ%3D%3D\">\n\t\t\t\t\t<div class=\"e-gallery-image elementor-gallery-item__image\" data-thumbnail=\"https:\/\/bio-balkon.de\/wp-content\/uploads\/2019\/01\/P1610035-ina-wintergemu\u0308se-feldsalat-super-300x225.avif\" data-width=\"300\" data-height=\"225\" aria-label=\"\" role=\"img\" ><\/div>\n\t\t\t\t\t\t\t\t\t\t\t\t\t\t<\/a>\n\t\t\t\t\t\t\t<a class=\"e-gallery-item elementor-gallery-item elementor-animated-content\" href=\"https:\/\/bio-balkon.de\/wp-content\/uploads\/2020\/09\/P1930417-radieschen-ernte-super.avif\" data-elementor-open-lightbox=\"yes\" data-elementor-lightbox-slideshow=\"b32de47\" data-elementor-lightbox-title=\"Radieschen\" data-elementor-lightbox-description=\"Radieschen\" data-e-action-hash=\"#elementor-action%3Aaction%3Dlightbox%26settings%3DeyJpZCI6MTE5NTUsInVybCI6Imh0dHBzOlwvXC9iaW8tYmFsa29uLmRlXC93cC1jb250ZW50XC91cGxvYWRzXC8yMDIwXC8wOVwvUDE5MzA0MTctcmFkaWVzY2hlbi1lcm50ZS1zdXBlci5hdmlmIiwic2xpZGVzaG93IjoiYjMyZGU0NyJ9\">\n\t\t\t\t\t<div class=\"e-gallery-image elementor-gallery-item__image\" data-thumbnail=\"https:\/\/bio-balkon.de\/wp-content\/uploads\/2020\/09\/P1930417-radieschen-ernte-super-300x225.avif\" data-width=\"300\" data-height=\"225\" aria-label=\"\" role=\"img\" ><\/div>\n\t\t\t\t\t\t\t\t\t\t\t\t\t\t<\/a>\n\t\t\t\t\t\t\t<a class=\"e-gallery-item elementor-gallery-item elementor-animated-content\" href=\"https:\/\/bio-balkon.de\/wp-content\/uploads\/2020\/12\/IMG_3849_wintergemuese_sonnenaufgang_rucola_asia-salat_mizuna_schnittsellerie_selleriekraut_fenster-scaled.avif\" data-elementor-open-lightbox=\"yes\" data-elementor-lightbox-slideshow=\"b32de47\" data-e-action-hash=\"#elementor-action%3Aaction%3Dlightbox%26settings%3DeyJpZCI6MTgyOTUsInVybCI6Imh0dHBzOlwvXC9iaW8tYmFsa29uLmRlXC93cC1jb250ZW50XC91cGxvYWRzXC8yMDIwXC8xMlwvSU1HXzM4NDlfd2ludGVyZ2VtdWVzZV9zb25uZW5hdWZnYW5nX3J1Y29sYV9hc2lhLXNhbGF0X21penVuYV9zY2huaXR0c2VsbGVyaWVfc2VsbGVyaWVrcmF1dF9mZW5zdGVyLXNjYWxlZC5hdmlmIiwic2xpZGVzaG93IjoiYjMyZGU0NyJ9\">\n\t\t\t\t\t<div class=\"e-gallery-image elementor-gallery-item__image\" data-thumbnail=\"https:\/\/bio-balkon.de\/wp-content\/uploads\/2020\/12\/IMG_3849_wintergemuese_sonnenaufgang_rucola_asia-salat_mizuna_schnittsellerie_selleriekraut_fenster-300x225.avif\" data-width=\"300\" data-height=\"225\" aria-label=\"Wintergem\u00fcse: Rucola, Asia-Salat Mizuna und Schnittsellerie auf der Fensterbank Mitte Dezember\" role=\"img\" ><\/div>\n\t\t\t\t\t\t\t\t\t\t\t\t\t\t<\/a>\n\t\t\t\t\t\t\t<a class=\"e-gallery-item elementor-gallery-item elementor-animated-content\" href=\"https:\/\/bio-balkon.de\/wp-content\/uploads\/2020\/09\/IMG_3720-microgreens-tomaten-fenster-super-scaled.avif\" data-elementor-open-lightbox=\"yes\" data-elementor-lightbox-slideshow=\"b32de47\" data-e-action-hash=\"#elementor-action%3Aaction%3Dlightbox%26settings%3DeyJpZCI6MTE4NTgsInVybCI6Imh0dHBzOlwvXC9iaW8tYmFsa29uLmRlXC93cC1jb250ZW50XC91cGxvYWRzXC8yMDIwXC8wOVwvSU1HXzM3MjAtbWljcm9ncmVlbnMtdG9tYXRlbi1mZW5zdGVyLXN1cGVyLXNjYWxlZC5hdmlmIiwic2xpZGVzaG93IjoiYjMyZGU0NyJ9\">\n\t\t\t\t\t<div class=\"e-gallery-image elementor-gallery-item__image\" data-thumbnail=\"https:\/\/bio-balkon.de\/wp-content\/uploads\/2020\/09\/IMG_3720-microgreens-tomaten-fenster-super-300x225.avif\" data-width=\"300\" data-height=\"225\" aria-label=\"\" role=\"img\" ><\/div>\n\t\t\t\t\t\t\t\t\t\t\t\t\t\t<\/a>\n\t\t\t\t\t<\/div>\n\t\t\t\t\t<\/div>\n\t\t\t\t\t<\/div>\n\t\t<\/div>\n\t\t\t\t\t<\/div>\n\t\t<\/section>\n\t\t\t\t<section class=\"elementor-section elementor-top-section elementor-element elementor-element-3ccae91 elementor-section-boxed elementor-section-height-default elementor-section-height-default\" data-id=\"3ccae91\" data-element_type=\"section\" data-e-type=\"section\">\n\t\t\t\t\t\t<div class=\"elementor-container elementor-column-gap-default\">\n\t\t\t\t\t<div class=\"elementor-column elementor-col-100 elementor-top-column elementor-element elementor-element-bbcca53\" data-id=\"bbcca53\" data-element_type=\"column\" data-e-type=\"column\" data-settings=\"{&quot;background_background&quot;:&quot;classic&quot;}\">\n\t\t\t<div class=\"elementor-widget-wrap elementor-element-populated\">\n\t\t\t\t\t\t<div class=\"elementor-element elementor-element-9f5bed1 elementor-widget elementor-widget-heading\" data-id=\"9f5bed1\" data-element_type=\"widget\" data-e-type=\"widget\" data-widget_type=\"heading.default\">\n\t\t\t\t\t<h2 class=\"elementor-heading-title elementor-size-default\">3 Geschenke f\u00fcr Deinen erfolgreichen Start ins Balkong\u00e4rtnern <\/h2>\t\t\t\t<\/div>\n\t\t\t\t<div class=\"elementor-element elementor-element-1582950 elementor-widget elementor-widget-text-editor\" data-id=\"1582950\" data-element_type=\"widget\" data-e-type=\"widget\" data-widget_type=\"text-editor.default\">\n\t\t\t\t\t\t\t\t\t<p style=\"text-align: center;\"><strong>Video:<\/strong><\/p>\n<p style=\"text-align: center;\">Tipps f\u00fcr Anf\u00e4nger zu Erde, Pflanzgef\u00e4\u00dfen, Aussaat, Pflanzung, Bezugsadressen, Gie\u00dfen, D\u00fcngung, anf\u00e4ngerfreundlichem Gem\u00fcse<\/p>\n<p style=\"text-align: center;\"><strong>E-Book:<\/strong><\/p>\n<p style=\"text-align: center;\">5 pflegeleichte Kr\u00e4uter f\u00fcr Deinen Balkon, die Dir viel Freude bereiten werden und Gesundheit bringen<\/p>\n<p style=\"text-align: center;\"><strong>Aussaat- und Pflanzplan<\/strong> f\u00fcr <strong>Wintergem\u00fcse<\/strong>:<\/p>\n<p style=\"text-align: center;\">Dieses Gem\u00fcse ist frosthart und k\u00fcbelgeeignet. Hier siehst Du die richtigen Zeitpunkte f\u00fcr Aussaat bzw. Pflanzung, um <strong>im Herbst, Winter und zeitigem Fr\u00fchjahr frisches vitalstoffreiches Gr\u00fcn zu ernten.<\/strong><\/p>\n<p><img loading=\"lazy\" decoding=\"async\" class=\"alignnone wp-image-33209 size-medium\" src=\"https:\/\/bio-balkon.de\/wp-content\/uploads\/2021\/08\/Wintergemu\u0308se-Anbauplan-Aussaat-und-Pflanzung-27.08.2021-212x300.jpg\" alt=\"\" width=\"212\" height=\"300\" \/><\/p>\t\t\t\t\t\t\t\t<\/div>\n\t\t\t\t<div class=\"elementor-element elementor-element-17053b4 elementor-button-align-stretch elementor-widget elementor-widget-form\" data-id=\"17053b4\" data-element_type=\"widget\" data-e-type=\"widget\" data-settings=\"{&quot;step_next_label&quot;:&quot;N\\u00e4chster&quot;,&quot;step_previous_label&quot;:&quot;Voriger&quot;,&quot;button_width&quot;:&quot;100&quot;,&quot;step_type&quot;:&quot;number_text&quot;,&quot;step_icon_shape&quot;:&quot;circle&quot;}\" data-widget_type=\"form.default\">\n\t\t\t\t\t\t\t<form class=\"elementor-form\" method=\"post\" name=\"Neues Formular\" aria-label=\"Neues Formular\">\n\t\t\t<input type=\"hidden\" name=\"post_id\" value=\"89198\"\/>\n\t\t\t<input type=\"hidden\" name=\"form_id\" value=\"17053b4\"\/>\n\t\t\t<input type=\"hidden\" name=\"referer_title\" value=\"\u00dcber mich Geschenke Rabatte Medumio - Bio-Balkon\" \/>\n\n\t\t\t\t\t\t\t<input type=\"hidden\" name=\"queried_id\" value=\"89198\"\/>\n\t\t\t\n\t\t\t<div class=\"elementor-form-fields-wrapper elementor-labels-\">\n\t\t\t\t\t\t\t\t<div class=\"elementor-field-type-text elementor-field-group elementor-column elementor-field-group-name elementor-col-50\">\n\t\t\t\t\t\t\t\t\t\t\t\t<label for=\"form-field-name\" class=\"elementor-field-label elementor-screen-only\">\n\t\t\t\t\t\t\t\tVorname\t\t\t\t\t\t\t<\/label>\n\t\t\t\t\t\t\t\t\t\t\t\t\t\t<input size=\"1\" type=\"text\" name=\"form_fields[name]\" id=\"form-field-name\" class=\"elementor-field elementor-size-sm  elementor-field-textual\" placeholder=\"Vorname\">\n\t\t\t\t\t\t\t\t\t\t\t<\/div>\n\t\t\t\t\t\t\t\t<div class=\"elementor-field-type-email elementor-field-group elementor-column elementor-field-group-email elementor-col-50 elementor-field-required\">\n\t\t\t\t\t\t\t\t\t\t\t\t<label for=\"form-field-email\" class=\"elementor-field-label elementor-screen-only\">\n\t\t\t\t\t\t\t\tE-Mail-Adresse\t\t\t\t\t\t\t<\/label>\n\t\t\t\t\t\t\t\t\t\t\t\t\t\t<input size=\"1\" type=\"email\" name=\"form_fields[email]\" id=\"form-field-email\" class=\"elementor-field elementor-size-sm  elementor-field-textual\" placeholder=\"E-Mail-Adresse\" required=\"required\">\n\t\t\t\t\t\t\t\t\t\t\t<\/div>\n\t\t\t\t\t\t\t\t<div class=\"elementor-field-group elementor-column elementor-field-type-submit elementor-col-100 e-form__buttons\">\n\t\t\t\t\t<button class=\"elementor-button elementor-size-sm\" type=\"submit\">\n\t\t\t\t\t\t<span class=\"elementor-button-content-wrapper\">\n\t\t\t\t\t\t\t\t\t\t\t\t\t\t\t\t\t\t\t\t\t\t<span class=\"elementor-button-text\">Geschenke zusenden<\/span>\n\t\t\t\t\t\t\t\t\t\t\t\t\t<\/span>\n\t\t\t\t\t<\/button>\n\t\t\t\t<\/div>\n\t\t\t<\/div>\n\t\t<\/form>\n\t\t\t\t\t\t<\/div>\n\t\t\t\t<div class=\"elementor-element elementor-element-5ff33dc elementor-widget elementor-widget-text-editor\" data-id=\"5ff33dc\" data-element_type=\"widget\" data-e-type=\"widget\" data-widget_type=\"text-editor.default\">\n\t\t\t\t\t\t\t\t\t<p><span style=\"color: #999999;\">Du erh\u00e4ltst 1x im Monat eine E-Mail mit Tipps, Tricks, Workshops, exklusiven Angeboten<\/span>. <span style=\"color: #999999;\">Du kannst Dich jederzeit am Ende jeder E-Mail kostenfrei aus dem Verteiler austragen. Der Umgang mit Deinen Daten erfolgt im Rahmen der <a style=\"color: #999999;\" href=\"https:\/\/bio-balkon.de\/datenschutzerklaerung\/\" target=\"_blank\" rel=\"noopener\">Datenschutzerkl\u00e4rung<\/a>.<\/span><\/p>\t\t\t\t\t\t\t\t<\/div>\n\t\t\t\t\t<\/div>\n\t\t<\/div>\n\t\t\t\t\t<\/div>\n\t\t<\/section>\n\t\t\t\t<\/div>\n\t\t","protected":false},"excerpt":{"rendered":"<p>Die Kon\u00adgress\u00adver\u00adan\u00adstal\u00adte\u00adrin der Online Bio-Bal\u00adkon-Kon\u00adgres\u00adse, Buch\u00adau\u00adto\u00adrin, Gr\u00fcn\u00adde\u00adrin der Bal\u00adkon\u00adschu\u00adle Ber\u00adlin stellt sich vor.<\/p>","protected":false},"author":5,"featured_media":7558,"parent":0,"menu_order":0,"comment_status":"closed","ping_status":"closed","template":"","meta":{"_acf_changed":false,"wp_typography_post_enhancements_disabled":false,"footnotes":""},"class_list":["post-89198","page","type-page","status-publish","has-post-thumbnail","hentry"],"acf":[],"_links":{"self":[{"href":"https:\/\/bio-balkon.de\/en\/wp-json\/wp\/v2\/pages\/89198","targetHints":{"allow":["GET"]}}],"collection":[{"href":"https:\/\/bio-balkon.de\/en\/wp-json\/wp\/v2\/pages"}],"about":[{"href":"https:\/\/bio-balkon.de\/en\/wp-json\/wp\/v2\/types\/page"}],"author":[{"embeddable":true,"href":"https:\/\/bio-balkon.de\/en\/wp-json\/wp\/v2\/users\/5"}],"replies":[{"embeddable":true,"href":"https:\/\/bio-balkon.de\/en\/wp-json\/wp\/v2\/comments?post=89198"}],"version-history":[{"count":3,"href":"https:\/\/bio-balkon.de\/en\/wp-json\/wp\/v2\/pages\/89198\/revisions"}],"predecessor-version":[{"id":89216,"href":"https:\/\/bio-balkon.de\/en\/wp-json\/wp\/v2\/pages\/89198\/revisions\/89216"}],"wp:featuredmedia":[{"embeddable":true,"href":"https:\/\/bio-balkon.de\/en\/wp-json\/wp\/v2\/media\/7558"}],"wp:attachment":[{"href":"https:\/\/bio-balkon.de\/en\/wp-json\/wp\/v2\/media?parent=89198"}],"curies":[{"name":"wp","href":"https:\/\/api.w.org\/{rel}","templated":true}]}}