{"id":79835,"date":"2025-05-08T08:34:26","date_gmt":"2025-05-08T06:34:26","guid":{"rendered":"https:\/\/bio-balkon.de\/?page_id=79835"},"modified":"2025-05-08T10:00:56","modified_gmt":"2025-05-08T08:00:56","slug":"danke-fuer-deine-bestellung-gartensprechstunde-kaefer","status":"publish","type":"page","link":"https:\/\/bio-balkon.de\/en\/danke-fuer-deine-bestellung-gartensprechstunde-kaefer\/","title":{"rendered":"Dan\u00adke f\u00fcr Dei\u00adne Bestel\u00adlung Gar\u00adten\u00adsprech\u00adstun\u00adde K\u00e4fer"},"content":{"rendered":"<div data-elementor-type=\"wp-page\" data-elementor-id=\"79835\" class=\"elementor elementor-79835\" data-elementor-post-type=\"page\">\n\t\t\t\t\t\t<section class=\"elementor-section elementor-top-section elementor-element elementor-element-45ae7cb elementor-section-boxed elementor-section-height-default elementor-section-height-default\" data-id=\"45ae7cb\" data-element_type=\"section\" data-e-type=\"section\">\n\t\t\t\t\t\t<div class=\"elementor-container elementor-column-gap-default\">\n\t\t\t\t\t<div class=\"elementor-column elementor-col-100 elementor-top-column elementor-element elementor-element-b8c9903\" data-id=\"b8c9903\" data-element_type=\"column\" data-e-type=\"column\">\n\t\t\t<div class=\"elementor-widget-wrap elementor-element-populated\">\n\t\t\t\t\t\t<div class=\"elementor-element elementor-element-fe5be20 elementor-widget elementor-widget-heading\" data-id=\"fe5be20\" data-element_type=\"widget\" data-e-type=\"widget\" data-widget_type=\"heading.default\">\n\t\t\t\t\t<h1 class=\"elementor-heading-title elementor-size-default\">Thank you for your order<\/h1>\t\t\t\t<\/div>\n\t\t\t\t<div class=\"elementor-element elementor-element-059a428 elementor-widget elementor-widget-text-editor\" data-id=\"059a428\" data-element_type=\"widget\" data-e-type=\"widget\" data-widget_type=\"text-editor.default\">\n\t\t\t\t\t\t\t\t\t<p>Die Abbu\u00adchung erfolgt durch Digistore24. Die Zugangs\u00adda\u00adten erh\u00e4ltst Du in K\u00fcr\u00adze per E\u2011Mail. Die Auf\u00adzeich\u00adnung steht Dir lebens\u00adlang \u00fcber den Bio-Bal\u00adkon-Mit\u00adglie\u00adder\u00adbe\u00adreich zur Ver\u00adf\u00fc\u00adgung. Bei Fra\u00adgen ste\u00adhe ich Dir <a href=\"https:\/\/bio-balkon.de\/en\/contact\/\">here<\/a> available.<\/p>\t\t\t\t\t\t\t\t<\/div>\n\t\t\t\t\t<\/div>\n\t\t<\/div>\n\t\t\t\t\t<\/div>\n\t\t<\/section>\n\t\t<div class=\"elementor-element elementor-element-27cf7b1 e-flex e-con-boxed e-con e-parent\" data-id=\"27cf7b1\" data-element_type=\"container\" data-e-type=\"container\">\n\t\t\t\t\t<div class=\"e-con-inner\">\n\t\t\t\t<div class=\"elementor-element elementor-element-67fff57 elementor-widget elementor-widget-image\" data-id=\"67fff57\" data-element_type=\"widget\" data-e-type=\"widget\" data-widget_type=\"image.default\">\n\t\t\t\t\t\t\t\t\t\t\t\t\t\t\t<img loading=\"lazy\" decoding=\"async\" width=\"768\" height=\"192\" src=\"https:\/\/bio-balkon.de\/wp-content\/uploads\/2025\/05\/Kaefer-Sigrid-Tinz-Digistore-Header-768x192.avif\" class=\"attachment-medium_large size-medium_large wp-image-79690\" alt=\"Species consultation with geoecologist Sigrid Tinz on Birgit Schattling's organic balcony: Invite your beetles!\" srcset=\"https:\/\/bio-balkon.de\/wp-content\/uploads\/2025\/05\/Kaefer-Sigrid-Tinz-Digistore-Header-768x192.avif 768w, https:\/\/bio-balkon.de\/wp-content\/uploads\/2025\/05\/Kaefer-Sigrid-Tinz-Digistore-Header-300x75.avif 300w, https:\/\/bio-balkon.de\/wp-content\/uploads\/2025\/05\/Kaefer-Sigrid-Tinz-Digistore-Header-1024x256.avif 1024w, https:\/\/bio-balkon.de\/wp-content\/uploads\/2025\/05\/Kaefer-Sigrid-Tinz-Digistore-Header-18x5.avif 18w, https:\/\/bio-balkon.de\/wp-content\/uploads\/2025\/05\/Kaefer-Sigrid-Tinz-Digistore-Header.avif 1200w\" sizes=\"auto, (max-width: 768px) 100vw, 768px\">\t\t\t\t\t\t\t\t\t\t\t\t\t\t\t<\/div>\n\t\t\t\t<div class=\"elementor-element elementor-element-107352a elementor-widget elementor-widget-heading\" data-id=\"107352a\" data-element_type=\"widget\" data-e-type=\"widget\" data-widget_type=\"heading.default\">\n\t\t\t\t\t<h2 class=\"elementor-heading-title elementor-size-default\">Ladet euch K\u00e4fer ein<\/h2>\t\t\t\t<\/div>\n\t\t\t\t<div class=\"elementor-element elementor-element-281c1ab elementor-widget elementor-widget-heading\" data-id=\"281c1ab\" data-element_type=\"widget\" data-e-type=\"widget\" data-widget_type=\"heading.default\">\n\t\t\t\t\t<h3 class=\"elementor-heading-title elementor-size-default\">Recor\u00adding of the lec\u00adtu\u00adre<\/h3>\t\t\t\t<\/div>\n\t\t\t\t<div class=\"elementor-element elementor-element-f395e59 elementor-widget elementor-widget-text-editor\" data-id=\"f395e59\" data-element_type=\"widget\" data-e-type=\"widget\" data-widget_type=\"text-editor.default\">\n\t\t\t\t\t\t\t\t\t<p>Stel\u00adle gern Dei\u00adne Fra\u00adgen unter\u00adhalb des Vor\u00adtra\u00adges. Bit\u00adte m\u00f6g\u00adlichst inner\u00adhalb von 7 Tagen ab Kauft\u00adag. Nat\u00fcr\u00adlich ant\u00adwor\u00adten wir auch sp\u00e4\u00adter, bit\u00adte fra\u00adge.<\/p><p>Schil\u00adde\u00adre auch gern Dei\u00adne Erfah\u00adrun\u00adgen, Dei\u00adne beson\u00adde\u00adren Erleb\u00adnis\u00adse mit K\u00e4fern.<\/p><p>We are also hap\u00adpy to recei\u00adve pho\u00adtos of the sto\u00adries that can\u00adnot be uploa\u00added here. Hence our e\u2011mail addres\u00adses:<\/p><p>Sig\u00adrid redaktion@krautundbuecher.de<\/p><p>Bir\u00adgit news@bio-balkon.de<\/p>\t\t\t\t\t\t\t\t<\/div>\n\t\t\t\t<div class=\"elementor-element elementor-element-7c35ed4 elementor-widget elementor-widget-video\" data-id=\"7c35ed4\" data-element_type=\"widget\" data-e-type=\"widget\" data-settings=\"{&quot;youtube_url&quot;:&quot;https:\\\/\\\/youtu.be\\\/BKW7ZC5TKP8&quot;,&quot;video_type&quot;:&quot;youtube&quot;,&quot;controls&quot;:&quot;yes&quot;}\" data-widget_type=\"video.default\">\n\t\t\t\t\t\t\t<div class=\"elementor-wrapper elementor-open-inline\">\n\t\t\t<div class=\"elementor-video\"><\/div>\t\t<\/div>\n\t\t\t\t\t\t<\/div>\n\t\t\t\t<div class=\"elementor-element elementor-element-3156f97 elementor-widget elementor-widget-heading\" data-id=\"3156f97\" data-element_type=\"widget\" data-e-type=\"widget\" data-widget_type=\"heading.default\">\n\t\t\t\t\t<h3 class=\"elementor-heading-title elementor-size-default\">Bonus: E\u2011Book \u201cKa\u0308ferliebe im Gar\u00adten und am Bal\u00adkon\u201d<\/h3>\t\t\t\t<\/div>\n\t\t\t\t<div class=\"elementor-element elementor-element-8cd9478 elementor-align-left elementor-widget elementor-widget-button\" data-id=\"8cd9478\" data-element_type=\"widget\" data-e-type=\"widget\" data-widget_type=\"button.default\">\n\t\t\t\t\t\t\t\t\t\t<a class=\"elementor-button elementor-button-link elementor-size-sm\" href=\"https:\/\/bio-balkon.de\/wp-content\/uploads\/2025\/05\/Band-8-Kaeferliebe-im-Garten-und-am-Balkon.pdf\" target=\"_blank\" rel=\"nofollow\">\n\t\t\t\t\t\t<span class=\"elementor-button-content-wrapper\">\n\t\t\t\t\t\t\t\t\t<span class=\"elementor-button-text\">View e\u2011book<\/span>\n\t\t\t\t\t<\/span>\n\t\t\t\t\t<\/a>\n\t\t\t\t\t\t\t\t<\/div>\n\t\t\t\t<div class=\"elementor-element elementor-element-305fcd1 elementor-widget elementor-widget-heading\" data-id=\"305fcd1\" data-element_type=\"widget\" data-e-type=\"widget\" data-widget_type=\"heading.default\">\n\t\t\t\t\t<h3 class=\"elementor-heading-title elementor-size-default\">Bonus: Auf einen Blick \u201cKa\u0308fer im Gar\u00adten und auf dem Bal\u00adkon\u201d<\/h3>\t\t\t\t<\/div>\n\t\t\t\t<div class=\"elementor-element elementor-element-f524409 elementor-align-left elementor-widget elementor-widget-button\" data-id=\"f524409\" data-element_type=\"widget\" data-e-type=\"widget\" data-widget_type=\"button.default\">\n\t\t\t\t\t\t\t\t\t\t<a class=\"elementor-button elementor-button-link elementor-size-sm\" href=\"https:\/\/bio-balkon.de\/wp-content\/uploads\/2025\/05\/Auf-einen-Blick-8-Kaefer-im-Garten-und-auf-dem-Balkon.pdf\" target=\"_blank\" rel=\"nofollow\">\n\t\t\t\t\t\t<span class=\"elementor-button-content-wrapper\">\n\t\t\t\t\t\t\t\t\t<span class=\"elementor-button-text\">Auf einen Blick zum Down\u00adload<\/span>\n\t\t\t\t\t<\/span>\n\t\t\t\t\t<\/a>\n\t\t\t\t\t\t\t\t<\/div>\n\t\t\t\t<div class=\"elementor-element elementor-element-e1975c4 elementor-widget elementor-widget-heading\" data-id=\"e1975c4\" data-element_type=\"widget\" data-e-type=\"widget\" data-widget_type=\"heading.default\">\n\t\t\t\t\t<h3 class=\"elementor-heading-title elementor-size-default\">Bonus: E\u2011Book \u201cKa\u0308ferkeller fu\u0308r Ka\u0308ferkinder\u201d<\/h3>\t\t\t\t<\/div>\n\t\t\t\t<div class=\"elementor-element elementor-element-617834e elementor-align-left elementor-widget elementor-widget-button\" data-id=\"617834e\" data-element_type=\"widget\" data-e-type=\"widget\" data-widget_type=\"button.default\">\n\t\t\t\t\t\t\t\t\t\t<a class=\"elementor-button elementor-button-link elementor-size-sm\" href=\"https:\/\/bio-balkon.de\/wp-content\/uploads\/2025\/05\/Freebie-8-Kaeferkeller-fuer-Kaeferkinder.pdf\" target=\"_blank\" rel=\"nofollow\">\n\t\t\t\t\t\t<span class=\"elementor-button-content-wrapper\">\n\t\t\t\t\t\t\t\t\t<span class=\"elementor-button-text\">Ka\u0308ferkeller fu\u0308r Ka\u0308ferkinder zum Down\u00adload<\/span>\n\t\t\t\t\t<\/span>\n\t\t\t\t\t<\/a>\n\t\t\t\t\t\t\t\t<\/div>\n\t\t\t\t\t<\/div>\n\t\t\t\t<\/div>\n\t\t\t\t<\/div>","protected":false},"excerpt":{"rendered":"<p>Danke f\u00fcr Deine Bestellung Die Abbuchung erfolgt durch Digistore24. Die Zugangsdaten erh\u00e4ltst Du in K\u00fcrze per E-Mail. Die Aufzeichnung steht Dir lebenslang \u00fcber den Bio-Balkon-Mitgliederbereich zur Verf\u00fcgung. Bei Fragen stehe ich Dir hier zur Verf\u00fcgung. Ladet euch K\u00e4fer ein Aufzeichnung vom Vortrag Stelle gern Deine Fragen unterhalb des Vortrages. Bitte m\u00f6glichst innerhalb von 7 Tagen [&hellip;]<\/p>\n","protected":false},"author":5,"featured_media":67744,"parent":0,"menu_order":94,"comment_status":"closed","ping_status":"closed","template":"","meta":{"_acf_changed":false,"wp_typography_post_enhancements_disabled":false,"footnotes":""},"class_list":["post-79835","page","type-page","status-publish","has-post-thumbnail","hentry"],"acf":[],"_links":{"self":[{"href":"https:\/\/bio-balkon.de\/en\/wp-json\/wp\/v2\/pages\/79835","targetHints":{"allow":["GET"]}}],"collection":[{"href":"https:\/\/bio-balkon.de\/en\/wp-json\/wp\/v2\/pages"}],"about":[{"href":"https:\/\/bio-balkon.de\/en\/wp-json\/wp\/v2\/types\/page"}],"author":[{"embeddable":true,"href":"https:\/\/bio-balkon.de\/en\/wp-json\/wp\/v2\/users\/5"}],"replies":[{"embeddable":true,"href":"https:\/\/bio-balkon.de\/en\/wp-json\/wp\/v2\/comments?post=79835"}],"version-history":[{"count":7,"href":"https:\/\/bio-balkon.de\/en\/wp-json\/wp\/v2\/pages\/79835\/revisions"}],"predecessor-version":[{"id":79853,"href":"https:\/\/bio-balkon.de\/en\/wp-json\/wp\/v2\/pages\/79835\/revisions\/79853"}],"wp:featuredmedia":[{"embeddable":true,"href":"https:\/\/bio-balkon.de\/en\/wp-json\/wp\/v2\/media\/67744"}],"wp:attachment":[{"href":"https:\/\/bio-balkon.de\/en\/wp-json\/wp\/v2\/media?parent=79835"}],"curies":[{"name":"wp","href":"https:\/\/api.w.org\/{rel}","templated":true}]}}