{"id":7742,"date":"2020-06-16T16:04:14","date_gmt":"2020-06-16T14:04:14","guid":{"rendered":"https:\/\/bio-balkon.de\/?page_id=7742"},"modified":"2024-08-29T22:05:18","modified_gmt":"2024-08-29T20:05:18","slug":"vision","status":"publish","type":"page","link":"https:\/\/bio-balkon.de\/en\/vision\/","title":{"rendered":"Visi\u00adon"},"content":{"rendered":"\t\t<div data-elementor-type=\"wp-page\" data-elementor-id=\"7742\" class=\"elementor elementor-7742\" data-elementor-post-type=\"page\">\n\t\t\t\t<div class=\"elementor-element elementor-element-2e6d553 e-flex e-con-boxed e-con e-parent\" data-id=\"2e6d553\" data-element_type=\"container\" data-e-type=\"container\" data-settings=\"{&quot;background_background&quot;:&quot;classic&quot;}\">\n\t\t\t\t\t<div class=\"e-con-inner\">\n\t\t<div class=\"elementor-element elementor-element-9963bdc e-con-full e-flex e-con e-child\" data-id=\"9963bdc\" data-element_type=\"container\" data-e-type=\"container\" data-settings=\"{&quot;background_background&quot;:&quot;classic&quot;}\">\n\t\t<div class=\"elementor-element elementor-element-2c96613 e-con-full e-flex e-con e-child\" data-id=\"2c96613\" data-element_type=\"container\" data-e-type=\"container\" data-settings=\"{&quot;background_background&quot;:&quot;classic&quot;}\">\n\t\t\t\t<div class=\"elementor-element elementor-element-27d6587 elementor-widget elementor-widget-heading\" data-id=\"27d6587\" data-element_type=\"widget\" data-e-type=\"widget\" data-widget_type=\"heading.default\">\n\t\t\t\t\t<h1 class=\"elementor-heading-title elementor-size-default\">Vision - Jeder Meter, jede Bl\u00fcte z\u00e4hlt!<\/h1>\t\t\t\t<\/div>\n\t\t\t\t<div class=\"elementor-element elementor-element-8e03673 elementor-widget elementor-widget-text-editor\" data-id=\"8e03673\" data-element_type=\"widget\" data-e-type=\"widget\" data-widget_type=\"text-editor.default\">\n\t\t\t\t\t\t\t\t\t<h3>Hallo, ich bin Birgit Schattling<\/h3><p><strong>Balkonbotschafterin aus vollem Herzen und \u00dcberzeugung seit 2017. Meine Passion ist das G\u00e4rtnern auf kleinem Raum und dar\u00fcber sprechen, um andere anzustiften.<\/strong><\/p><p style=\"text-align: left;\">Meine <strong>Vision<\/strong> ist, dass mehr Menschen ihre Balkone und Fensterbretter <strong>nutzen<\/strong> &#8211; naturnah, zur <strong>Selbstversorgung<\/strong>, als <strong>Oasen<\/strong> der Ruhe und Entspannung. F\u00fcr Lebensqualit\u00e4t in <strong>essbaren St\u00e4dten<\/strong>, Erhaltung der <strong>biologischen Vielfalt<\/strong>, <strong>Klimaschutz<\/strong>, Wohlf\u00fchloasen mit spannenden <strong>Naturerlebnissen<\/strong>.<\/p><p><strong>Das von mir 2017 initierte Projekt Bio-Balkon mit bisher 13 Bio-Balkon-Kongressen, 2 Ratgeber-B\u00fcchern, 4 Balkonkursen, diversen Vortragsreisen und Publikationen ist eine Einladung fu\u0308r noch viel mehr gru\u0308ne, blu\u0308hende, vielfa\u0308ltige Wohlfu\u0308hlorte fu\u0308r Mensch und Tier mit angenehmem Mikroklima und u\u0308ppiger Ernte &#8211; vor allem in unseren Sta\u0308dten.<\/strong><\/p><p>Auf kleinem Raum ist <strong>mehr m\u00f6glich<\/strong>, als Du denkst! Ich inspiriere, teile Erfahrungen und gebe praktische Anleitungen. Bestes Feedback erh\u00e4lt mein im M\u00e4rz 2020 beim Verlag Gr\u00e4fe und Unze erschienenes Ratgeber-Buch &#8222;<span style=\"color: #cc3b36;\"><a style=\"color: #cc3b36;\" href=\"https:\/\/bio-balkon.de\/buecher\/mein-biotop-auf-dem-balkon\/\">Mein Biotop auf dem Balkon. Naturerlebnis und Erntegl\u00fcck mitten in der Stadt<\/a><\/span>&#8220; (bereits 2. Auflage). Im Mai 2023 erschien &#8222;<span style=\"color: #cc3b36;\"><a style=\"color: #cc3b36;\" href=\"https:\/\/bio-balkon.de\/buecher\/mein-genialer-bio-balkon\/\">Mein genialer Bio-Balkon. Mit gro\u00dfartigen Pflanzenkombis &amp; DIY-Projekten zu mehr Artenvielfalt und leckerer Ernte<\/a><\/span>&#8220; als Ulmer-Ratgeber in der erfolgreichen Ratgeberserie <a href=\"https:\/\/www.ulmer.de\/machs-nachhaltig\/\" target=\"_blank\" rel=\"noopener\">#machsnachhaltig<\/a>.<\/p><p>Erfahre in den von mir organisierten bisher 13 Online Bio-Balkon Kongressen, mehr als 50 Gastbeitr\u00e4gen auf anderen Online-Kongressen und auf dieser Webseite mehr zu meinem Wirken und Hintergrund sowie Tipps, Tipps, Tipps aus der Praxis.<\/p>\t\t\t\t\t\t\t\t<\/div>\n\t\t\t\t<div class=\"elementor-element elementor-element-4c0927c elementor-widget elementor-widget-gallery\" data-id=\"4c0927c\" data-element_type=\"widget\" data-e-type=\"widget\" data-settings=\"{&quot;columns&quot;:3,&quot;overlay_title&quot;:&quot;title&quot;,&quot;gap&quot;:{&quot;unit&quot;:&quot;px&quot;,&quot;size&quot;:30,&quot;sizes&quot;:[]},&quot;gallery_layout&quot;:&quot;grid&quot;,&quot;columns_tablet&quot;:2,&quot;columns_mobile&quot;:1,&quot;gap_tablet&quot;:{&quot;unit&quot;:&quot;px&quot;,&quot;size&quot;:10,&quot;sizes&quot;:[]},&quot;gap_mobile&quot;:{&quot;unit&quot;:&quot;px&quot;,&quot;size&quot;:10,&quot;sizes&quot;:[]},&quot;link_to&quot;:&quot;file&quot;,&quot;aspect_ratio&quot;:&quot;3:2&quot;,&quot;content_hover_animation&quot;:&quot;fade-in&quot;}\" data-widget_type=\"gallery.default\">\n\t\t\t\t\t\t\t<div class=\"elementor-gallery__container\">\n\t\t\t\t\t\t\t<a class=\"e-gallery-item elementor-gallery-item elementor-animated-content\" href=\"https:\/\/bio-balkon.de\/wp-content\/uploads\/2020\/06\/P1900389-Presse-natur-super.avif\" data-elementor-open-lightbox=\"yes\" data-elementor-lightbox-slideshow=\"4c0927c\" data-elementor-lightbox-title=\"Diverse Publikationen \u00fcber mich\" data-e-action-hash=\"#elementor-action%3Aaction%3Dlightbox%26settings%3DeyJpZCI6NzYwOCwidXJsIjoiaHR0cHM6XC9cL2Jpby1iYWxrb24uZGVcL3dwLWNvbnRlbnRcL3VwbG9hZHNcLzIwMjBcLzA2XC9QMTkwMDM4OS1QcmVzc2UtbmF0dXItc3VwZXIuYXZpZiIsInNsaWRlc2hvdyI6IjRjMDkyN2MifQ%3D%3D\">\n\t\t\t\t\t<div class=\"e-gallery-image elementor-gallery-item__image\" data-thumbnail=\"https:\/\/bio-balkon.de\/wp-content\/uploads\/2020\/06\/P1900389-Presse-natur-super-768x576.avif\" data-width=\"768\" data-height=\"576\" aria-label=\"\" role=\"img\" ><\/div>\n\t\t\t\t\t\t\t\t\t\t\t\t\t\t\t<div class=\"elementor-gallery-item__content\">\n\t\t\t\t\t\t\t\t\t\t\t\t\t\t<div class=\"elementor-gallery-item__title\">\n\t\t\t\t\t\t\t\t\t\t\t\t\t\t\t\t\t\tDiverse Publikationen \u00fcber mich\t\t\t\t\t\t\t\t<\/div>\n\t\t\t\t\t\t\t\t\t\t\t\t<\/div>\n\t\t\t\t\t\t\t\t\t<\/a>\n\t\t\t\t\t\t\t<a class=\"e-gallery-item elementor-gallery-item elementor-animated-content\" href=\"https:\/\/bio-balkon.de\/wp-content\/uploads\/2020\/06\/P1470766-buch-mein-Biotop-auf-dem-Balkon-beschnitten-gehellt-birgit-schattling-kongress.avif\" data-elementor-open-lightbox=\"yes\" data-elementor-lightbox-slideshow=\"4c0927c\" data-elementor-lightbox-title=\"Mein Biotop auf dem Balkon\" data-e-action-hash=\"#elementor-action%3Aaction%3Dlightbox%26settings%3DeyJpZCI6ODI2NSwidXJsIjoiaHR0cHM6XC9cL2Jpby1iYWxrb24uZGVcL3dwLWNvbnRlbnRcL3VwbG9hZHNcLzIwMjBcLzA2XC9QMTQ3MDc2Ni1idWNoLW1laW4tQmlvdG9wLWF1Zi1kZW0tQmFsa29uLWJlc2Nobml0dGVuLWdlaGVsbHQtYmlyZ2l0LXNjaGF0dGxpbmcta29uZ3Jlc3MuYXZpZiIsInNsaWRlc2hvdyI6IjRjMDkyN2MifQ%3D%3D\">\n\t\t\t\t\t<div class=\"e-gallery-image elementor-gallery-item__image\" data-thumbnail=\"https:\/\/bio-balkon.de\/wp-content\/uploads\/2020\/06\/P1470766-buch-mein-Biotop-auf-dem-Balkon-beschnitten-gehellt-birgit-schattling-kongress-768x640.avif\" data-width=\"768\" data-height=\"640\" aria-label=\"Wirf einen Blick in mein Buch: Mein Biotop auf dem Balkon\" role=\"img\" ><\/div>\n\t\t\t\t\t\t\t\t\t\t\t\t\t\t\t<div class=\"elementor-gallery-item__content\">\n\t\t\t\t\t\t\t\t\t\t\t\t\t\t<div class=\"elementor-gallery-item__title\">\n\t\t\t\t\t\t\t\t\t\t\t\t\t\t\t\t\t\tMein 1. Buch:  Mein Biotop auf dem Balkon\t\t\t\t\t\t\t\t<\/div>\n\t\t\t\t\t\t\t\t\t\t\t\t<\/div>\n\t\t\t\t\t\t\t\t\t<\/a>\n\t\t\t\t\t\t\t<a class=\"e-gallery-item elementor-gallery-item elementor-animated-content\" href=\"https:\/\/bio-balkon.de\/wp-content\/uploads\/2023\/09\/Produktbilder-Empfehlungen-Buch-genialer-800-x-800.avif\" data-elementor-open-lightbox=\"yes\" data-elementor-lightbox-slideshow=\"4c0927c\" data-elementor-lightbox-title=\"Mein genialer Bio-Balkon\" data-e-action-hash=\"#elementor-action%3Aaction%3Dlightbox%26settings%3DeyJpZCI6NjA1MzMsInVybCI6Imh0dHBzOlwvXC9iaW8tYmFsa29uLmRlXC93cC1jb250ZW50XC91cGxvYWRzXC8yMDIzXC8wOVwvUHJvZHVrdGJpbGRlci1FbXBmZWhsdW5nZW4tQnVjaC1nZW5pYWxlci04MDAteC04MDAuYXZpZiIsInNsaWRlc2hvdyI6IjRjMDkyN2MifQ%3D%3D\">\n\t\t\t\t\t<div class=\"e-gallery-image elementor-gallery-item__image\" data-thumbnail=\"https:\/\/bio-balkon.de\/wp-content\/uploads\/2023\/09\/Produktbilder-Empfehlungen-Buch-genialer-800-x-800-768x768.avif\" data-width=\"768\" data-height=\"768\" aria-label=\"Balkonbotschafterin Birgit Schattling - Veranstalterin der Online Bio-Balkon-Kongresse - stellt ihr 2. Ratgeberbuch vor: Mein genialer Bio-Balkon\" role=\"img\" ><\/div>\n\t\t\t\t\t\t\t\t\t\t\t\t\t\t\t<div class=\"elementor-gallery-item__content\">\n\t\t\t\t\t\t\t\t\t\t\t\t\t\t<div class=\"elementor-gallery-item__title\">\n\t\t\t\t\t\t\t\t\t\t\t\t\t\t\t\t\t\tMein 2. Buch: Mein genialer Bio-Balkon\t\t\t\t\t\t\t\t<\/div>\n\t\t\t\t\t\t\t\t\t\t\t\t<\/div>\n\t\t\t\t\t\t\t\t\t<\/a>\n\t\t\t\t\t\t\t<a class=\"e-gallery-item elementor-gallery-item elementor-animated-content\" href=\"https:\/\/bio-balkon.de\/wp-content\/uploads\/2020\/07\/P2120739-souptalk-wir-haben-es-satt-super.avif\" data-elementor-open-lightbox=\"yes\" data-elementor-lightbox-slideshow=\"4c0927c\" data-e-action-hash=\"#elementor-action%3Aaction%3Dlightbox%26settings%3DeyJpZCI6OTE1NSwidXJsIjoiaHR0cHM6XC9cL2Jpby1iYWxrb24uZGVcL3dwLWNvbnRlbnRcL3VwbG9hZHNcLzIwMjBcLzA3XC9QMjEyMDczOS1zb3VwdGFsay13aXItaGFiZW4tZXMtc2F0dC1zdXBlci5hdmlmIiwic2xpZGVzaG93IjoiNGMwOTI3YyJ9\">\n\t\t\t\t\t<div class=\"e-gallery-image elementor-gallery-item__image\" data-thumbnail=\"https:\/\/bio-balkon.de\/wp-content\/uploads\/2020\/07\/P2120739-souptalk-wir-haben-es-satt-super.avif\" data-width=\"600\" data-height=\"800\" aria-label=\"\" role=\"img\" ><\/div>\n\t\t\t\t\t\t\t\t\t\t\t\t\t\t\t<div class=\"elementor-gallery-item__content\">\n\t\t\t\t\t\t\t\t\t\t\t\t\t\t<div class=\"elementor-gallery-item__title\">\n\t\t\t\t\t\t\t\t\t\t\t\t\t\t\t\t\t\tWir haben es satt!\t\t\t\t\t\t\t\t<\/div>\n\t\t\t\t\t\t\t\t\t\t\t\t<\/div>\n\t\t\t\t\t\t\t\t\t<\/a>\n\t\t\t\t\t\t\t<a class=\"e-gallery-item elementor-gallery-item elementor-animated-content\" href=\"https:\/\/bio-balkon.de\/wp-content\/uploads\/2023\/11\/GGB-Gesundheitstage-Johannes-Lutz-\u00a9GGB-e.V.-222A2608-gut-scaled.avif\" data-elementor-open-lightbox=\"yes\" data-elementor-lightbox-slideshow=\"4c0927c\" data-e-action-hash=\"#elementor-action%3Aaction%3Dlightbox%26settings%3DeyJpZCI6NjE3NjcsInVybCI6Imh0dHBzOlwvXC9iaW8tYmFsa29uLmRlXC93cC1jb250ZW50XC91cGxvYWRzXC8yMDIzXC8xMVwvR0dCLUdlc3VuZGhlaXRzdGFnZS1Kb2hhbm5lcy1MdXR6LVx1MDBhOUdHQi1lLlYuLTIyMkEyNjA4LWd1dC1zY2FsZWQuYXZpZiIsInNsaWRlc2hvdyI6IjRjMDkyN2MifQ%3D%3D\">\n\t\t\t\t\t<div class=\"e-gallery-image elementor-gallery-item__image\" data-thumbnail=\"https:\/\/bio-balkon.de\/wp-content\/uploads\/2023\/11\/GGB-Gesundheitstage-Johannes-Lutz-\u00a9GGB-e.V.-222A2608-gut-768x512.avif\" data-width=\"768\" data-height=\"512\" aria-label=\"Vortr\u00e4ge zu Selbstversorgung, nachhaltiges, insektenfreundliches G\u00e4rtnern: \u201eMein Biotop auf dem Balkon. Naturerlebnis und Erntegl\u00fcck mitten in der Stadt.\u201c\" role=\"img\" ><\/div>\n\t\t\t\t\t\t\t\t\t\t\t\t\t\t\t<div class=\"elementor-gallery-item__content\">\n\t\t\t\t\t\t\t\t\t\t\t\t\t\t<div class=\"elementor-gallery-item__title\">\n\t\t\t\t\t\t\t\t\t\t\t\t\t\t\t\t\t\tGGB-Gesundheitstage \u00a9GGB e.V.\t\t\t\t\t\t\t\t<\/div>\n\t\t\t\t\t\t\t\t\t\t\t\t<\/div>\n\t\t\t\t\t\t\t\t\t<\/a>\n\t\t\t\t\t\t\t<a class=\"e-gallery-item elementor-gallery-item elementor-animated-content\" href=\"https:\/\/bio-balkon.de\/wp-content\/uploads\/2023\/10\/GBB-Lahnstein-Bruker-Signieren-1.avif\" data-elementor-open-lightbox=\"yes\" data-elementor-lightbox-slideshow=\"4c0927c\" data-e-action-hash=\"#elementor-action%3Aaction%3Dlightbox%26settings%3DeyJpZCI6NjEzMDYsInVybCI6Imh0dHBzOlwvXC9iaW8tYmFsa29uLmRlXC93cC1jb250ZW50XC91cGxvYWRzXC8yMDIzXC8xMFwvR0JCLUxhaG5zdGVpbi1CcnVrZXItU2lnbmllcmVuLTEuYXZpZiIsInNsaWRlc2hvdyI6IjRjMDkyN2MifQ%3D%3D\">\n\t\t\t\t\t<div class=\"e-gallery-image elementor-gallery-item__image\" data-thumbnail=\"https:\/\/bio-balkon.de\/wp-content\/uploads\/2023\/10\/GBB-Lahnstein-Bruker-Signieren-1-768x768.avif\" data-width=\"768\" data-height=\"768\" aria-label=\"\" role=\"img\" ><\/div>\n\t\t\t\t\t\t\t\t\t\t\t\t\t\t\t<div class=\"elementor-gallery-item__content\">\n\t\t\t\t\t\t\t\t\t\t\t\t\t\t<div class=\"elementor-gallery-item__title\">\n\t\t\t\t\t\t\t\t\t\t\t\t\t\t\t\t\t\tSignierstunde nach meinem Vortrag auf den Gesundheitstagen der GBB \u00a9GGB e.V.\t\t\t\t\t\t\t\t<\/div>\n\t\t\t\t\t\t\t\t\t\t\t\t<\/div>\n\t\t\t\t\t\t\t\t\t<\/a>\n\t\t\t\t\t<\/div>\n\t\t\t\t\t<\/div>\n\t\t\t\t<\/div>\n\t\t<div class=\"elementor-element elementor-element-7c65597 e-con-full e-flex e-con e-child\" data-id=\"7c65597\" data-element_type=\"container\" data-e-type=\"container\" data-settings=\"{&quot;background_background&quot;:&quot;classic&quot;}\">\n\t\t<div class=\"elementor-element elementor-element-48075ef e-con-full e-flex e-con e-child\" data-id=\"48075ef\" data-element_type=\"container\" data-e-type=\"container\">\n\t\t\t\t<div class=\"elementor-element elementor-element-918c9d4 elementor-widget elementor-widget-heading\" data-id=\"918c9d4\" data-element_type=\"widget\" data-e-type=\"widget\" data-widget_type=\"heading.default\">\n\t\t\t\t\t<h1 class=\"elementor-heading-title elementor-size-default\">G\u00e4rtnern rettet die Welt!<\/h1>\t\t\t\t<\/div>\n\t\t\t\t<div class=\"elementor-element elementor-element-b2b692d elementor-widget elementor-widget-text-editor\" data-id=\"b2b692d\" data-element_type=\"widget\" data-e-type=\"widget\" data-widget_type=\"text-editor.default\">\n\t\t\t\t\t\t\t\t\t<div class=\"_2cuy _3dgx _2vxa\">Jeder Einzelne von uns hat kennt das Gef\u00fchl, bei den gro\u00dfen Ver\u00e4nderungen wie Artensterben und Klimawandel, ich kann eigentlich gar nichts machen. Alles, was ich tue, ist nicht gut genug. Das G\u00e4rtnern, sei es auf Balkon, Fensterbrett oder im Garten, ist eine positive Herangehensweise, auf vielen Ebenen etwas zu bewirken und auch zu ver\u00e4ndern. Mit viel Freude, Spa\u00df und Ernteerfolg. <strong>Auf das Anfangen kommt es an. Einfach anfangen.<\/strong> G\u00e4rtnern bewirkt etwas, das wird leicht und schnell sichtbar. Wir lernen hinzuschauen, zuzuh\u00f6ren, zu beobachten, sich in unsere Pflanzen und den Regenwurm hineinzuversetzen und ein Gesp\u00fcr daf\u00fcr zu bekommen. Wir f\u00fchlen, wir sind Bestandteil der Natur. Wir verbinden uns wieder mit der Natur. Es gibt keine wirkliche Trennung. Daraus erw\u00e4chst eine Verantwortung. Im 5. Jahr des Projektes Bio-Balkon bin ich mehr und mehr davon \u00fcberzeugt, dass die Balkone ein <strong>Bindeglied zur Ann\u00e4herung an die Natur<\/strong> sind. Sie f\u00fchren uns zur Natur zur\u00fcck, die wir dort erleben und f\u00fchlen. <strong>Wir sind Teil der Natur.<\/strong><\/div>\t\t\t\t\t\t\t\t<\/div>\n\t\t\t\t<div class=\"elementor-element elementor-element-2ce9fa1 elementor-widget elementor-widget-gallery\" data-id=\"2ce9fa1\" data-element_type=\"widget\" data-e-type=\"widget\" data-settings=\"{&quot;columns&quot;:3,&quot;overlay_title&quot;:&quot;title&quot;,&quot;gap&quot;:{&quot;unit&quot;:&quot;px&quot;,&quot;size&quot;:30,&quot;sizes&quot;:[]},&quot;gallery_layout&quot;:&quot;grid&quot;,&quot;columns_tablet&quot;:2,&quot;columns_mobile&quot;:1,&quot;gap_tablet&quot;:{&quot;unit&quot;:&quot;px&quot;,&quot;size&quot;:10,&quot;sizes&quot;:[]},&quot;gap_mobile&quot;:{&quot;unit&quot;:&quot;px&quot;,&quot;size&quot;:10,&quot;sizes&quot;:[]},&quot;link_to&quot;:&quot;file&quot;,&quot;aspect_ratio&quot;:&quot;3:2&quot;,&quot;content_hover_animation&quot;:&quot;fade-in&quot;}\" data-widget_type=\"gallery.default\">\n\t\t\t\t\t\t\t<div class=\"elementor-gallery__container\">\n\t\t\t\t\t\t\t<a class=\"e-gallery-item elementor-gallery-item elementor-animated-content\" href=\"https:\/\/bio-balkon.de\/wp-content\/uploads\/2020\/09\/IMG_6358-tomate-scaled.avif\" data-elementor-open-lightbox=\"yes\" data-elementor-lightbox-slideshow=\"2ce9fa1\" data-elementor-lightbox-title=\"Tomaten - alte Sorten\" data-e-action-hash=\"#elementor-action%3Aaction%3Dlightbox%26settings%3DeyJpZCI6MTE5NTMsInVybCI6Imh0dHBzOlwvXC9iaW8tYmFsa29uLmRlXC93cC1jb250ZW50XC91cGxvYWRzXC8yMDIwXC8wOVwvSU1HXzYzNTgtdG9tYXRlLXNjYWxlZC5hdmlmIiwic2xpZGVzaG93IjoiMmNlOWZhMSJ9\">\n\t\t\t\t\t<div class=\"e-gallery-image elementor-gallery-item__image\" data-thumbnail=\"https:\/\/bio-balkon.de\/wp-content\/uploads\/2020\/09\/IMG_6358-tomate-768x576.avif\" data-width=\"768\" data-height=\"576\" aria-label=\"\" role=\"img\" ><\/div>\n\t\t\t\t\t\t\t\t\t\t\t\t\t\t\t<div class=\"elementor-gallery-item__content\">\n\t\t\t\t\t\t\t\t\t\t\t\t\t\t<div class=\"elementor-gallery-item__title\">\n\t\t\t\t\t\t\t\t\t\t\t\t\t\t\t\t\t\tTomaten - alte Sorten\t\t\t\t\t\t\t\t<\/div>\n\t\t\t\t\t\t\t\t\t\t\t\t<\/div>\n\t\t\t\t\t\t\t\t\t<\/a>\n\t\t\t\t\t\t\t<a class=\"e-gallery-item elementor-gallery-item elementor-animated-content\" href=\"https:\/\/bio-balkon.de\/wp-content\/uploads\/2020\/09\/IMG_7624-fensterbrett-buch-tomaten-aussaaten-kongress-scaled.avif\" data-elementor-open-lightbox=\"yes\" data-elementor-lightbox-slideshow=\"2ce9fa1\" data-elementor-lightbox-title=\"Vortr\u00e4ge zum Ratgeber-Buch, bei GU erschienen: Mein Biotop auf dem Balkon. Naturerlebnis und Erntegl\u00fcck mitten in der Stadt. Insektenfreundliches G\u00e4rtnern. Anbau von Tomaten, Radieschen, Salat, Mangold, Gr\u00fcnkohl, Franzosenkraut und Microgreens auf dem Fensterbrett! \" data-e-action-hash=\"#elementor-action%3Aaction%3Dlightbox%26settings%3DeyJpZCI6MTIwMDMsInVybCI6Imh0dHBzOlwvXC9iaW8tYmFsa29uLmRlXC93cC1jb250ZW50XC91cGxvYWRzXC8yMDIwXC8wOVwvSU1HXzc2MjQtZmVuc3RlcmJyZXR0LWJ1Y2gtdG9tYXRlbi1hdXNzYWF0ZW4ta29uZ3Jlc3Mtc2NhbGVkLmF2aWYiLCJzbGlkZXNob3ciOiIyY2U5ZmExIn0%3D\">\n\t\t\t\t\t<div class=\"e-gallery-image elementor-gallery-item__image\" data-thumbnail=\"https:\/\/bio-balkon.de\/wp-content\/uploads\/2020\/09\/IMG_7624-fensterbrett-buch-tomaten-aussaaten-kongress-768x576.avif\" data-width=\"768\" data-height=\"576\" aria-label=\"\" role=\"img\" ><\/div>\n\t\t\t\t\t\t\t\t\t\t\t\t\t\t\t<div class=\"elementor-gallery-item__content\">\n\t\t\t\t\t\t\t\t\t\t\t\t\t\t<div class=\"elementor-gallery-item__title\">\n\t\t\t\t\t\t\t\t\t\t\t\t\t\t\t\t\t\tVortr\u00e4ge zum Ratgeber-Buch, bei GU erschienen: Mein Biotop auf dem Balkon. Naturerlebnis und Erntegl\u00fcck mitten in der Stadt. Insektenfreundliches G\u00e4rtnern. Anbau von Tomaten, Radieschen, Salat, Mangold, Gr\u00fcnkohl, Franzosenkraut und Microgreens auf dem Fensterbrett!\t\t\t\t\t\t\t\t<\/div>\n\t\t\t\t\t\t\t\t\t\t\t\t<\/div>\n\t\t\t\t\t\t\t\t\t<\/a>\n\t\t\t\t\t\t\t<a class=\"e-gallery-item elementor-gallery-item elementor-animated-content\" href=\"https:\/\/bio-balkon.de\/wp-content\/uploads\/2020\/09\/IMG_3777-apfel-ku\u0308rbis-spaghetti-ernte-scaled.avif\" data-elementor-open-lightbox=\"yes\" data-elementor-lightbox-slideshow=\"2ce9fa1\" data-elementor-lightbox-title=\"Apfel und Spaghettik\u00fcrbis. Dazu Brennnesseln f\u00fcr Gr\u00fcne Smoothies und Schmetterlingsnachwuchs.\" data-e-action-hash=\"#elementor-action%3Aaction%3Dlightbox%26settings%3DeyJpZCI6MTE1OTMsInVybCI6Imh0dHBzOlwvXC9iaW8tYmFsa29uLmRlXC93cC1jb250ZW50XC91cGxvYWRzXC8yMDIwXC8wOVwvSU1HXzM3NzctYXBmZWwta3VcdTAzMDhyYmlzLXNwYWdoZXR0aS1lcm50ZS1zY2FsZWQuYXZpZiIsInNsaWRlc2hvdyI6IjJjZTlmYTEifQ%3D%3D\">\n\t\t\t\t\t<div class=\"e-gallery-image elementor-gallery-item__image\" data-thumbnail=\"https:\/\/bio-balkon.de\/wp-content\/uploads\/2020\/09\/IMG_3777-apfel-ku\u0308rbis-spaghetti-ernte-768x576.avif\" data-width=\"768\" data-height=\"576\" aria-label=\"\" role=\"img\" ><\/div>\n\t\t\t\t\t\t\t\t\t\t\t\t\t\t\t<div class=\"elementor-gallery-item__content\">\n\t\t\t\t\t\t\t\t\t\t\t\t\t\t<div class=\"elementor-gallery-item__title\">\n\t\t\t\t\t\t\t\t\t\t\t\t\t\t\t\t\t\tApfel und Spaghettik\u00fcrbis. Dazu Brennnesseln f\u00fcr Gr\u00fcne Smoothies und Schmetterlingsnachwuchs.\t\t\t\t\t\t\t\t<\/div>\n\t\t\t\t\t\t\t\t\t\t\t\t<\/div>\n\t\t\t\t\t\t\t\t\t<\/a>\n\t\t\t\t\t<\/div>\n\t\t\t\t\t<\/div>\n\t\t\t\t<\/div>\n\t\t\t\t<\/div>\n\t\t\t\t<\/div>\n\t\t<div class=\"elementor-element elementor-element-77f4f96 e-con-full elementor-hidden-tablet elementor-hidden-mobile e-flex e-con e-child\" data-id=\"77f4f96\" data-element_type=\"container\" data-e-type=\"container\" data-settings=\"{&quot;background_background&quot;:&quot;classic&quot;}\">\n\t\t\t\t<div class=\"elementor-element elementor-element-d7fdcd2 elementor-widget elementor-widget-image\" data-id=\"d7fdcd2\" data-element_type=\"widget\" data-e-type=\"widget\" data-settings=\"{&quot;sticky&quot;:&quot;top&quot;,&quot;sticky_on&quot;:[&quot;desktop&quot;],&quot;sticky_offset&quot;:30,&quot;sticky_parent&quot;:&quot;yes&quot;,&quot;sticky_effects_offset&quot;:0,&quot;sticky_anchor_link_offset&quot;:0}\" data-widget_type=\"image.default\">\n\t\t\t\t\t\t\t\t\t\t\t\t\t\t\t<img loading=\"lazy\" decoding=\"async\" width=\"768\" height=\"1152\" src=\"https:\/\/bio-balkon.de\/wp-content\/uploads\/2020\/06\/P1050107-birgit-schattling-kongress-naschbalkon-vertikalbeet-super-768x1152.avif\" class=\"attachment-medium_large size-medium_large wp-image-7473\" alt=\"\" srcset=\"https:\/\/bio-balkon.de\/wp-content\/uploads\/2020\/06\/P1050107-birgit-schattling-kongress-naschbalkon-vertikalbeet-super-768x1152.avif 768w, https:\/\/bio-balkon.de\/wp-content\/uploads\/2020\/06\/P1050107-birgit-schattling-kongress-naschbalkon-vertikalbeet-super-200x300.avif 200w, https:\/\/bio-balkon.de\/wp-content\/uploads\/2020\/06\/P1050107-birgit-schattling-kongress-naschbalkon-vertikalbeet-super-683x1024.avif 683w, https:\/\/bio-balkon.de\/wp-content\/uploads\/2020\/06\/P1050107-birgit-schattling-kongress-naschbalkon-vertikalbeet-super-1024x1536.avif 1024w, https:\/\/bio-balkon.de\/wp-content\/uploads\/2020\/06\/P1050107-birgit-schattling-kongress-naschbalkon-vertikalbeet-super-8x12.avif 8w, https:\/\/bio-balkon.de\/wp-content\/uploads\/2020\/06\/P1050107-birgit-schattling-kongress-naschbalkon-vertikalbeet-super.avif 1280w\" sizes=\"auto, (max-width: 768px) 100vw, 768px\" \/>\t\t\t\t\t\t\t\t\t\t\t\t\t\t\t<\/div>\n\t\t\t\t<\/div>\n\t\t\t\t\t<\/div>\n\t\t\t\t<\/div>\n\t\t\t\t<\/div>\n\t\t","protected":false},"excerpt":{"rendered":"<p>The Ber\u00adlin gar\u00adde\u00adner, bal\u00adc\u00ado\u00adny ambassa\u00addor, aut\u00adhor and orga\u00adni\u00adzer of the Orga\u00adnic Bal\u00adc\u00ado\u00adny Con\u00adgres\u00adses has a visi\u00adon of green, vibrant, edi\u00adble cities.<\/p>","protected":false},"author":5,"featured_media":15029,"parent":0,"menu_order":120,"comment_status":"closed","ping_status":"closed","template":"","meta":{"_acf_changed":false,"wp_typography_post_enhancements_disabled":false,"footnotes":""},"class_list":["post-7742","page","type-page","status-publish","has-post-thumbnail","hentry"],"acf":[],"_links":{"self":[{"href":"https:\/\/bio-balkon.de\/en\/wp-json\/wp\/v2\/pages\/7742","targetHints":{"allow":["GET"]}}],"collection":[{"href":"https:\/\/bio-balkon.de\/en\/wp-json\/wp\/v2\/pages"}],"about":[{"href":"https:\/\/bio-balkon.de\/en\/wp-json\/wp\/v2\/types\/page"}],"author":[{"embeddable":true,"href":"https:\/\/bio-balkon.de\/en\/wp-json\/wp\/v2\/users\/5"}],"replies":[{"embeddable":true,"href":"https:\/\/bio-balkon.de\/en\/wp-json\/wp\/v2\/comments?post=7742"}],"version-history":[{"count":0,"href":"https:\/\/bio-balkon.de\/en\/wp-json\/wp\/v2\/pages\/7742\/revisions"}],"wp:featuredmedia":[{"embeddable":true,"href":"https:\/\/bio-balkon.de\/en\/wp-json\/wp\/v2\/media\/15029"}],"wp:attachment":[{"href":"https:\/\/bio-balkon.de\/en\/wp-json\/wp\/v2\/media?parent=7742"}],"curies":[{"name":"wp","href":"https:\/\/api.w.org\/{rel}","templated":true}]}}