{"id":69749,"date":"2024-08-22T16:59:33","date_gmt":"2024-08-22T14:59:33","guid":{"rendered":"https:\/\/bio-balkon.de\/?page_id=69749"},"modified":"2024-09-01T18:36:26","modified_gmt":"2024-09-01T16:36:26","slug":"willkommen5-friedhof-naturnah","status":"publish","type":"page","link":"https:\/\/bio-balkon.de\/en\/willkommen5-friedhof-naturnah\/","title":{"rendered":"Will\u00adkom\u00admen Fried\u00adhof natur\u00adnah"},"content":{"rendered":"<div data-elementor-type=\"wp-page\" data-elementor-id=\"69749\" class=\"elementor elementor-69749\" data-elementor-post-type=\"page\">\n\t\t\t\t<div class=\"elementor-element elementor-element-b5cee8f e-flex e-con-boxed e-con e-parent\" data-id=\"b5cee8f\" data-element_type=\"container\" data-e-type=\"container\">\n\t\t\t\t\t<div class=\"e-con-inner\">\n\t\t<div class=\"elementor-element elementor-element-74daa9e e-con-full e-flex e-con e-child\" data-id=\"74daa9e\" data-element_type=\"container\" data-e-type=\"container\">\n\t\t\t\t<div class=\"elementor-element elementor-element-1648afa elementor-widget elementor-widget-heading\" data-id=\"1648afa\" data-element_type=\"widget\" data-e-type=\"widget\" data-widget_type=\"heading.default\">\n\t\t\t\t\t<h2 class=\"elementor-heading-title elementor-size-default\">SIGRID\u2019S SPECIES CONSULTATION ON BIRGIT\u2019S ORGANIC BALCONY<\/h2>\t\t\t\t<\/div>\n\t\t\t\t<div class=\"elementor-element elementor-element-95a381e elementor-widget elementor-widget-heading\" data-id=\"95a381e\" data-element_type=\"widget\" data-e-type=\"widget\" data-widget_type=\"heading.default\">\n\t\t\t\t\t<h2 class=\"elementor-heading-title elementor-size-default\">Teil 4 \u201cFried\u00adhof natur\u00adnah\u201d<\/h2>\t\t\t\t<\/div>\n\t\t\t\t<div class=\"elementor-element elementor-element-36e9436 elementor-widget elementor-widget-image\" data-id=\"36e9436\" data-element_type=\"widget\" data-e-type=\"widget\" data-widget_type=\"image.default\">\n\t\t\t\t\t\t\t\t\t\t\t\t\t\t\t<img loading=\"lazy\" decoding=\"async\" width=\"800\" height=\"200\" src=\"https:\/\/bio-balkon.de\/wp-content\/uploads\/2024\/08\/Muecken-Digiheader-Sigrid-Tinz-1024x256.avif\" class=\"attachment-large size-large wp-image-69544\" alt srcset=\"https:\/\/bio-balkon.de\/wp-content\/uploads\/2024\/08\/Muecken-Digiheader-Sigrid-Tinz-1024x256.avif 1024w, https:\/\/bio-balkon.de\/wp-content\/uploads\/2024\/08\/Muecken-Digiheader-Sigrid-Tinz-300x75.avif 300w, https:\/\/bio-balkon.de\/wp-content\/uploads\/2024\/08\/Muecken-Digiheader-Sigrid-Tinz-768x192.avif 768w, https:\/\/bio-balkon.de\/wp-content\/uploads\/2024\/08\/Muecken-Digiheader-Sigrid-Tinz-18x5.avif 18w, https:\/\/bio-balkon.de\/wp-content\/uploads\/2024\/08\/Muecken-Digiheader-Sigrid-Tinz.avif 1200w\" sizes=\"auto, (max-width: 800px) 100vw, 800px\">\t\t\t\t\t\t\t\t\t\t\t\t\t\t\t<\/div>\n\t\t<div class=\"elementor-element elementor-element-9bc6aa7 e-con-full e-flex e-con e-child\" data-id=\"9bc6aa7\" data-element_type=\"container\" data-e-type=\"container\" data-settings=\"{&quot;background_background&quot;:&quot;classic&quot;}\">\n\t\t\t\t<div class=\"elementor-element elementor-element-4aab55c elementor-widget elementor-widget-heading\" data-id=\"4aab55c\" data-element_type=\"widget\" data-e-type=\"widget\" data-widget_type=\"heading.default\">\n\t\t\t\t\t<h2 class=\"elementor-heading-title elementor-size-default\">Hier fin\u00addest Du die Auf\u00adzeich\u00adnung vom Vor\u00adtrag<\/h2>\t\t\t\t<\/div>\n\t\t\t\t<div class=\"elementor-element elementor-element-d2e1280 elementor-widget elementor-widget-text-editor\" data-id=\"d2e1280\" data-element_type=\"widget\" data-e-type=\"widget\" data-widget_type=\"text-editor.default\">\n\t\t\t\t\t\t\t\t\t<p>Stel\u00adle gern Dei\u00adne Fra\u00adgen unter\u00adhalb des Vor\u00adtra\u00adges. Bit\u00adte m\u00f6g\u00adlichst inner\u00adhalb von 7 Tagen ab Kauft\u00adag. Nat\u00fcr\u00adlich ant\u00adwor\u00adten wir auch sp\u00e4\u00adter, bit\u00adte fragt.<\/p>\t\t\t\t\t\t\t\t<\/div>\n\t\t\t\t<div class=\"elementor-element elementor-element-7ecb37c elementor-align-left elementor-widget elementor-widget-button\" data-id=\"7ecb37c\" data-element_type=\"widget\" data-e-type=\"widget\" data-widget_type=\"button.default\">\n\t\t\t\t\t\t\t\t\t\t<a class=\"elementor-button elementor-button-link elementor-size-sm\" href=\"https:\/\/youtu.be\/aWwSsZB4aDI\" target=\"_blank\" rel=\"nofollow\">\n\t\t\t\t\t\t<span class=\"elementor-button-content-wrapper\">\n\t\t\t\t\t\t\t\t\t<span class=\"elementor-button-text\">Hier geht es zum Vor\u00adtrag<\/span>\n\t\t\t\t\t<\/span>\n\t\t\t\t\t<\/a>\n\t\t\t\t\t\t\t\t<\/div>\n\t\t\t\t<\/div>\n\t\t<div class=\"elementor-element elementor-element-a5fae61 e-con-full e-flex e-con e-child\" data-id=\"a5fae61\" data-element_type=\"container\" data-e-type=\"container\" data-settings=\"{&quot;background_background&quot;:&quot;classic&quot;}\">\n\t\t\t\t<div class=\"elementor-element elementor-element-8e3ed2a elementor-widget elementor-widget-heading\" data-id=\"8e3ed2a\" data-element_type=\"widget\" data-e-type=\"widget\" data-widget_type=\"heading.default\">\n\t\t\t\t\t<h2 class=\"elementor-heading-title elementor-size-default\">Bonus: E\u2011Book \u201cDie Wahr\u00adheit \u00fcber M\u00fccken, Zecken, Wes\u00adpen und Co.\u201d zum Nach\u00adle\u00adsen<\/h2>\t\t\t\t<\/div>\n\t\t\t\t<div class=\"elementor-element elementor-element-327c643 elementor-align-left elementor-widget elementor-widget-button\" data-id=\"327c643\" data-element_type=\"widget\" data-e-type=\"widget\" data-widget_type=\"button.default\">\n\t\t\t\t\t\t\t\t\t\t<a class=\"elementor-button elementor-button-link elementor-size-sm\" href=\"https:\/\/bio-balkon.de\/wp-content\/uploads\/2024\/08\/Band-3-Muecke-Wespe-Zecke-und-Co.pdf\" target=\"_blank\" rel=\"nofollow\">\n\t\t\t\t\t\t<span class=\"elementor-button-content-wrapper\">\n\t\t\t\t\t\t\t\t\t<span class=\"elementor-button-text\">View e\u2011book<\/span>\n\t\t\t\t\t<\/span>\n\t\t\t\t\t<\/a>\n\t\t\t\t\t\t\t\t<\/div>\n\t\t\t\t<\/div>\n\t\t<div class=\"elementor-element elementor-element-f2b3629 e-con-full e-flex e-con e-child\" data-id=\"f2b3629\" data-element_type=\"container\" data-e-type=\"container\" data-settings=\"{&quot;background_background&quot;:&quot;classic&quot;}\">\n\t\t\t\t<div class=\"elementor-element elementor-element-934bf8a elementor-widget elementor-widget-heading\" data-id=\"934bf8a\" data-element_type=\"widget\" data-e-type=\"widget\" data-widget_type=\"heading.default\">\n\t\t\t\t\t<h2 class=\"elementor-heading-title elementor-size-default\">Bonus: \u201cHil\u00adfe und Haus\u00admit\u00adtel gegen M\u00fccken, Zecken, Wes\u00adpen und Co\u201c<\/h2>\t\t\t\t<\/div>\n\t\t\t\t<div class=\"elementor-element elementor-element-eafbb91 elementor-align-left elementor-widget elementor-widget-button\" data-id=\"eafbb91\" data-element_type=\"widget\" data-e-type=\"widget\" data-widget_type=\"button.default\">\n\t\t\t\t\t\t\t\t\t\t<a class=\"elementor-button elementor-button-link elementor-size-sm\" href=\"https:\/\/bio-balkon.de\/wp-content\/uploads\/2024\/08\/Auf-einen-Blick-Muecke-Wespe-Zecke-und-Co.pdf\" target=\"_blank\" rel=\"nofollow\">\n\t\t\t\t\t\t<span class=\"elementor-button-content-wrapper\">\n\t\t\t\t\t\t\t\t\t<span class=\"elementor-button-text\">Check\u00adlist for down\u00adload<\/span>\n\t\t\t\t\t<\/span>\n\t\t\t\t\t<\/a>\n\t\t\t\t\t\t\t\t<\/div>\n\t\t\t\t<\/div>\n\t\t<div class=\"elementor-element elementor-element-e38b533 e-con-full e-flex e-con e-child\" data-id=\"e38b533\" data-element_type=\"container\" data-e-type=\"container\" data-settings=\"{&quot;background_background&quot;:&quot;classic&quot;}\">\n\t\t\t\t<div class=\"elementor-element elementor-element-fe33d1e elementor-widget elementor-widget-heading\" data-id=\"fe33d1e\" data-element_type=\"widget\" data-e-type=\"widget\" data-widget_type=\"heading.default\">\n\t\t\t\t\t<h2 class=\"elementor-heading-title elementor-size-default\">Bonus: Hand\u00adlungs\u00adleit\u00adfa\u00adden bei \u201eHorror\u201c-Tieren und \u2011Pflan\u00adzen<\/h2>\t\t\t\t<\/div>\n\t\t\t\t<div class=\"elementor-element elementor-element-ad59a96 elementor-align-left elementor-widget elementor-widget-button\" data-id=\"ad59a96\" data-element_type=\"widget\" data-e-type=\"widget\" data-widget_type=\"button.default\">\n\t\t\t\t\t\t\t\t\t\t<a class=\"elementor-button elementor-button-link elementor-size-sm\" href=\"https:\/\/bio-balkon.de\/wp-content\/uploads\/2024\/08\/Handlungsleitdafeden-Horrortiere.pdf\" target=\"_blank\" rel=\"nofollow\">\n\t\t\t\t\t\t<span class=\"elementor-button-content-wrapper\">\n\t\t\t\t\t\t\t\t\t<span class=\"elementor-button-text\">Check\u00adlist for down\u00adload<\/span>\n\t\t\t\t\t<\/span>\n\t\t\t\t\t<\/a>\n\t\t\t\t\t\t\t\t<\/div>\n\t\t\t\t<\/div>\n\t\t\t\t<\/div>\n\t\t\t\t\t<\/div>\n\t\t\t\t<\/div>\n\t\t\t\t<\/div>","protected":false},"excerpt":{"rendered":"<p>SIGRIDS ARTENSPRECHSTUNDE AUF BIRGITS BIO-BALKON Teil 4 &#8222;Friedhof naturnah&#8220; Hier findest Du die Aufzeichnung vom Vortrag Stelle gern Deine Fragen unterhalb des Vortrages. Bitte m\u00f6glichst innerhalb von 7 Tagen ab Kauftag. Nat\u00fcrlich antworten wir auch sp\u00e4ter, bitte fragt. Hier geht es zum Vortrag Bonus: E-Book &#8222;Die Wahrheit \u00fcber M\u00fccken, Zecken, Wespen und Co.&#8220; zum Nachlesen [&hellip;]<\/p>\n","protected":false},"author":5,"featured_media":0,"parent":0,"menu_order":48,"comment_status":"closed","ping_status":"closed","template":"","meta":{"_acf_changed":false,"wp_typography_post_enhancements_disabled":false,"footnotes":""},"class_list":["post-69749","page","type-page","status-publish","hentry"],"acf":[],"_links":{"self":[{"href":"https:\/\/bio-balkon.de\/en\/wp-json\/wp\/v2\/pages\/69749","targetHints":{"allow":["GET"]}}],"collection":[{"href":"https:\/\/bio-balkon.de\/en\/wp-json\/wp\/v2\/pages"}],"about":[{"href":"https:\/\/bio-balkon.de\/en\/wp-json\/wp\/v2\/types\/page"}],"author":[{"embeddable":true,"href":"https:\/\/bio-balkon.de\/en\/wp-json\/wp\/v2\/users\/5"}],"replies":[{"embeddable":true,"href":"https:\/\/bio-balkon.de\/en\/wp-json\/wp\/v2\/comments?post=69749"}],"version-history":[{"count":0,"href":"https:\/\/bio-balkon.de\/en\/wp-json\/wp\/v2\/pages\/69749\/revisions"}],"wp:attachment":[{"href":"https:\/\/bio-balkon.de\/en\/wp-json\/wp\/v2\/media?parent=69749"}],"curies":[{"name":"wp","href":"https:\/\/api.w.org\/{rel}","templated":true}]}}