{"id":67866,"date":"2024-06-06T08:19:35","date_gmt":"2024-06-06T06:19:35","guid":{"rendered":"https:\/\/bio-balkon.de\/?page_id=67866"},"modified":"2025-05-08T08:16:11","modified_gmt":"2025-05-08T06:16:11","slug":"danke-fuer-deine-bestellung-gartensprechstunde","status":"publish","type":"page","link":"https:\/\/bio-balkon.de\/en\/danke-fuer-deine-bestellung-gartensprechstunde\/","title":{"rendered":"Dan\u00adke f\u00fcr Dei\u00adne Bestel\u00adlung Gar\u00adten\u00adsprech\u00adstun\u00adde"},"content":{"rendered":"<div data-elementor-type=\"wp-page\" data-elementor-id=\"67866\" class=\"elementor elementor-67866\" data-elementor-post-type=\"page\">\n\t\t\t\t\t\t<section class=\"elementor-section elementor-top-section elementor-element elementor-element-45ae7cb elementor-section-boxed elementor-section-height-default elementor-section-height-default\" data-id=\"45ae7cb\" data-element_type=\"section\" data-e-type=\"section\">\n\t\t\t\t\t\t<div class=\"elementor-container elementor-column-gap-default\">\n\t\t\t\t\t<div class=\"elementor-column elementor-col-100 elementor-top-column elementor-element elementor-element-b8c9903\" data-id=\"b8c9903\" data-element_type=\"column\" data-e-type=\"column\">\n\t\t\t<div class=\"elementor-widget-wrap elementor-element-populated\">\n\t\t\t\t\t\t<div class=\"elementor-element elementor-element-fe5be20 elementor-widget elementor-widget-heading\" data-id=\"fe5be20\" data-element_type=\"widget\" data-e-type=\"widget\" data-widget_type=\"heading.default\">\n\t\t\t\t\t<h1 class=\"elementor-heading-title elementor-size-default\">Thank you for your order<\/h1>\t\t\t\t<\/div>\n\t\t\t\t<div class=\"elementor-element elementor-element-059a428 elementor-widget elementor-widget-text-editor\" data-id=\"059a428\" data-element_type=\"widget\" data-e-type=\"widget\" data-widget_type=\"text-editor.default\">\n\t\t\t\t\t\t\t\t\t<p>Die Abbu\u00adchung erfolgt durch Digistore24. Die Zugangs\u00adda\u00adten erh\u00e4ltst Du in K\u00fcr\u00adze per E\u2011Mail. Die Auf\u00adzeich\u00adnung steht Dir lebens\u00adlang \u00fcber den Bio-Bal\u00adkon-Mit\u00adglie\u00adder\u00adbe\u00adreich zur Ver\u00adf\u00fc\u00adgung. Bei Fra\u00adgen ste\u00adhe ich Dir <a href=\"https:\/\/bio-balkon.de\/en\/contact\/\">here<\/a> available.<\/p>\t\t\t\t\t\t\t\t<\/div>\n\t\t\t\t<div class=\"elementor-element elementor-element-b1846e9 elementor-widget elementor-widget-text-editor\" data-id=\"b1846e9\" data-element_type=\"widget\" data-e-type=\"widget\" data-widget_type=\"text-editor.default\">\n\t\t\t\t\t\t\t\t\t<p><\/p>\n<div class=\"wp-block-image\" style=\"text-align: center;\">\n<figure>\n<p><img loading=\"lazy\" decoding=\"async\" class=\"alignnone wp-image-67744 size-large\" src=\"https:\/\/bio-balkon.de\/wp-content\/uploads\/2024\/06\/Schneckensprechstunde-Schneckenliebe-lohnt-sich-Sigrid-Tinz-1024x576.avif\" alt=\"Current slug problem: How to make your garden slug-resistant in the long term\" width=\"800\" height=\"450\" srcset=\"https:\/\/bio-balkon.de\/wp-content\/uploads\/2024\/06\/Schneckensprechstunde-Schneckenliebe-lohnt-sich-Sigrid-Tinz-1024x576.avif 1024w, https:\/\/bio-balkon.de\/wp-content\/uploads\/2024\/06\/Schneckensprechstunde-Schneckenliebe-lohnt-sich-Sigrid-Tinz-300x169.avif 300w, https:\/\/bio-balkon.de\/wp-content\/uploads\/2024\/06\/Schneckensprechstunde-Schneckenliebe-lohnt-sich-Sigrid-Tinz-768x432.avif 768w, https:\/\/bio-balkon.de\/wp-content\/uploads\/2024\/06\/Schneckensprechstunde-Schneckenliebe-lohnt-sich-Sigrid-Tinz-1536x865.avif 1536w, https:\/\/bio-balkon.de\/wp-content\/uploads\/2024\/06\/Schneckensprechstunde-Schneckenliebe-lohnt-sich-Sigrid-Tinz-18x10.avif 18w, https:\/\/bio-balkon.de\/wp-content\/uploads\/2024\/06\/Schneckensprechstunde-Schneckenliebe-lohnt-sich-Sigrid-Tinz-1320x743.avif 1320w, https:\/\/bio-balkon.de\/wp-content\/uploads\/2024\/06\/Schneckensprechstunde-Schneckenliebe-lohnt-sich-Sigrid-Tinz.avif 1890w\" sizes=\"auto, (max-width: 800px) 100vw, 800px\"><\/p>\n<\/figure>\n<\/div>\n<p><\/p>\t\t\t\t\t\t\t\t<\/div>\n\t\t\t\t\t<\/div>\n\t\t<\/div>\n\t\t\t\t\t<\/div>\n\t\t<\/section>\n\t\t<div class=\"elementor-element elementor-element-20de0f8 e-flex e-con-boxed e-con e-parent\" data-id=\"20de0f8\" data-element_type=\"container\" data-e-type=\"container\">\n\t\t\t\t\t<div class=\"e-con-inner\">\n\t\t\t\t<div class=\"elementor-element elementor-element-92444e6 elementor-widget elementor-widget-heading\" data-id=\"92444e6\" data-element_type=\"widget\" data-e-type=\"widget\" data-widget_type=\"heading.default\">\n\t\t\t\t\t<h2 class=\"elementor-heading-title elementor-size-default\">SIGRID\u2019S SPECIES CONSULTATION ON BIRGIT\u2019S ORGANIC BALCONY<\/h2>\t\t\t\t<\/div>\n\t\t\t\t<div class=\"elementor-element elementor-element-7694cb8 elementor-widget elementor-widget-heading\" data-id=\"7694cb8\" data-element_type=\"widget\" data-e-type=\"widget\" data-widget_type=\"heading.default\">\n\t\t\t\t\t<h2 class=\"elementor-heading-title elementor-size-default\">Teil 1 \u201cSchne\u00adcken\u00adlie\u00adbe lohnt sich\u201d<\/h2>\t\t\t\t<\/div>\n\t\t\t\t<div class=\"elementor-element elementor-element-9b3d9cf elementor-widget elementor-widget-image\" data-id=\"9b3d9cf\" data-element_type=\"widget\" data-e-type=\"widget\" data-widget_type=\"image.default\">\n\t\t\t\t\t\t\t\t\t\t\t\t\t\t\t<img loading=\"lazy\" decoding=\"async\" width=\"800\" height=\"200\" src=\"https:\/\/bio-balkon.de\/wp-content\/uploads\/2024\/06\/Schneckenliebe-lohnt-sich-Sigrid-Tinz-1024x256.avif\" class=\"attachment-large size-large wp-image-67743\" alt=\"Current slug problem: How to make your garden slug-resistant in the long term\" srcset=\"https:\/\/bio-balkon.de\/wp-content\/uploads\/2024\/06\/Schneckenliebe-lohnt-sich-Sigrid-Tinz-1024x256.avif 1024w, https:\/\/bio-balkon.de\/wp-content\/uploads\/2024\/06\/Schneckenliebe-lohnt-sich-Sigrid-Tinz-300x75.avif 300w, https:\/\/bio-balkon.de\/wp-content\/uploads\/2024\/06\/Schneckenliebe-lohnt-sich-Sigrid-Tinz-768x192.avif 768w, https:\/\/bio-balkon.de\/wp-content\/uploads\/2024\/06\/Schneckenliebe-lohnt-sich-Sigrid-Tinz-18x5.avif 18w, https:\/\/bio-balkon.de\/wp-content\/uploads\/2024\/06\/Schneckenliebe-lohnt-sich-Sigrid-Tinz.avif 1200w\" sizes=\"auto, (max-width: 800px) 100vw, 800px\">\t\t\t\t\t\t\t\t\t\t\t\t\t\t\t<\/div>\n\t\t<div class=\"elementor-element elementor-element-66d20b1 e-con-full e-flex e-con e-child\" data-id=\"66d20b1\" data-element_type=\"container\" data-e-type=\"container\" data-settings=\"{&quot;background_background&quot;:&quot;classic&quot;}\">\n\t\t\t\t<div class=\"elementor-element elementor-element-dbf5e84 elementor-widget elementor-widget-heading\" data-id=\"dbf5e84\" data-element_type=\"widget\" data-e-type=\"widget\" data-widget_type=\"heading.default\">\n\t\t\t\t\t<h2 class=\"elementor-heading-title elementor-size-default\">Hier fin\u00addest Du die Auf\u00adzeich\u00adnung vom Vor\u00adtrag<\/h2>\t\t\t\t<\/div>\n\t\t\t\t<div class=\"elementor-element elementor-element-b3499ea elementor-widget elementor-widget-text-editor\" data-id=\"b3499ea\" data-element_type=\"widget\" data-e-type=\"widget\" data-widget_type=\"text-editor.default\">\n\t\t\t\t\t\t\t\t\t<p>Stel\u00adle gern Dei\u00adne Fra\u00adgen unter\u00adhalb des Vor\u00adtra\u00adges. Bit\u00adte m\u00f6g\u00adlichst inner\u00adhalb von 7 Tagen ab Kauft\u00adag.<\/p>\t\t\t\t\t\t\t\t<\/div>\n\t\t\t\t<div class=\"elementor-element elementor-element-d63554d elementor-align-left elementor-widget elementor-widget-button\" data-id=\"d63554d\" data-element_type=\"widget\" data-e-type=\"widget\" data-widget_type=\"button.default\">\n\t\t\t\t\t\t\t\t\t\t<a class=\"elementor-button elementor-button-link elementor-size-sm\" href=\"https:\/\/youtu.be\/kKxaTYezhDQ\" target=\"_blank\" rel=\"nofollow\">\n\t\t\t\t\t\t<span class=\"elementor-button-content-wrapper\">\n\t\t\t\t\t\t\t\t\t<span class=\"elementor-button-text\">Hier geht es zum Vor\u00adtrag<\/span>\n\t\t\t\t\t<\/span>\n\t\t\t\t\t<\/a>\n\t\t\t\t\t\t\t\t<\/div>\n\t\t\t\t<\/div>\n\t\t<div class=\"elementor-element elementor-element-6618b66 e-con-full e-flex e-con e-child\" data-id=\"6618b66\" data-element_type=\"container\" data-e-type=\"container\" data-settings=\"{&quot;background_background&quot;:&quot;classic&quot;}\">\n\t\t\t\t<div class=\"elementor-element elementor-element-0156fb5 elementor-widget elementor-widget-heading\" data-id=\"0156fb5\" data-element_type=\"widget\" data-e-type=\"widget\" data-widget_type=\"heading.default\">\n\t\t\t\t\t<h2 class=\"elementor-heading-title elementor-size-default\">Bonus: E\u2011Book \u201cSchne\u00adcken\u00adlie\u00adbe lohnt sich\u201d zum Nach\u00adle\u00adsen<\/h2>\t\t\t\t<\/div>\n\t\t\t\t<div class=\"elementor-element elementor-element-9bc366c elementor-align-left elementor-widget elementor-widget-button\" data-id=\"9bc366c\" data-element_type=\"widget\" data-e-type=\"widget\" data-widget_type=\"button.default\">\n\t\t\t\t\t\t\t\t\t\t<a class=\"elementor-button elementor-button-link elementor-size-sm\" href=\"https:\/\/bio-balkon.de\/wp-content\/uploads\/2024\/06\/Band-1-Schneckenliebe-lohnt-sich.pdf\" target=\"_blank\" rel=\"nofollow\">\n\t\t\t\t\t\t<span class=\"elementor-button-content-wrapper\">\n\t\t\t\t\t\t\t\t\t<span class=\"elementor-button-text\">View e\u2011book<\/span>\n\t\t\t\t\t<\/span>\n\t\t\t\t\t<\/a>\n\t\t\t\t\t\t\t\t<\/div>\n\t\t\t\t<\/div>\n\t\t<div class=\"elementor-element elementor-element-f9a5e53 e-con-full e-flex e-con e-child\" data-id=\"f9a5e53\" data-element_type=\"container\" data-e-type=\"container\" data-settings=\"{&quot;background_background&quot;:&quot;classic&quot;}\">\n\t\t\t\t<div class=\"elementor-element elementor-element-4db8a25 elementor-widget elementor-widget-heading\" data-id=\"4db8a25\" data-element_type=\"widget\" data-e-type=\"widget\" data-widget_type=\"heading.default\">\n\t\t\t\t\t<h2 class=\"elementor-heading-title elementor-size-default\">Bonus: Check\u00adlis\u00adte \u201cSchne\u00adcken\u00adlie\u00adbe lohnt sich\u201d<\/h2>\t\t\t\t<\/div>\n\t\t\t\t<div class=\"elementor-element elementor-element-2d31a73 elementor-widget elementor-widget-text-editor\" data-id=\"2d31a73\" data-element_type=\"widget\" data-e-type=\"widget\" data-widget_type=\"text-editor.default\">\n\t\t\t\t\t\t\t\t\t<ul>\n<li>\n<p class=\"p1\"><span class=\"s1\">Kon\u00adkre\u00adte und aku\u00adte Hil\u00adfe, wenn alles vol\u00adler Schne\u00adcken ist.<\/span><\/p>\n<\/li>\n<li>\n<p class=\"p1\"><span class=\"s1\">Wie Ihr den Gar\u00adten lang\u00adfris\u00adtig schne\u00adcken\u00adre\u00adsis\u00adtent macht<\/span><\/p>\n<\/li>\n<li>Check\u00adlist with mea\u00adsu\u00adres for DOWNLOAD<\/li>\n<\/ul>\t\t\t\t\t\t\t\t<\/div>\n\t\t\t\t<div class=\"elementor-element elementor-element-b3ea23a elementor-align-left elementor-widget elementor-widget-button\" data-id=\"b3ea23a\" data-element_type=\"widget\" data-e-type=\"widget\" data-widget_type=\"button.default\">\n\t\t\t\t\t\t\t\t\t\t<a class=\"elementor-button elementor-button-link elementor-size-sm\" href=\"https:\/\/bio-balkon.de\/wp-content\/uploads\/2024\/06\/Checkliste-Schneckenliebe.pdf\" target=\"_blank\" rel=\"nofollow\">\n\t\t\t\t\t\t<span class=\"elementor-button-content-wrapper\">\n\t\t\t\t\t\t\t\t\t<span class=\"elementor-button-text\">Check\u00adlist for down\u00adload<\/span>\n\t\t\t\t\t<\/span>\n\t\t\t\t\t<\/a>\n\t\t\t\t\t\t\t\t<\/div>\n\t\t\t\t<\/div>\n\t\t<div class=\"elementor-element elementor-element-e82c89b e-con-full e-flex e-con e-child\" data-id=\"e82c89b\" data-element_type=\"container\" data-e-type=\"container\" data-settings=\"{&quot;background_background&quot;:&quot;classic&quot;}\">\n\t\t\t\t<div class=\"elementor-element elementor-element-0d04b6f elementor-widget elementor-widget-heading\" data-id=\"0d04b6f\" data-element_type=\"widget\" data-e-type=\"widget\" data-widget_type=\"heading.default\">\n\t\t\t\t\t<h2 class=\"elementor-heading-title elementor-size-default\">Bonus: \u201cAlle die\u00adse Tie\u00adre sind Schne\u00adcken\u00adfres\u00adser\u201d<\/h2>\t\t\t\t<\/div>\n\t\t\t\t<div class=\"elementor-element elementor-element-f9e92e6 elementor-align-left elementor-widget elementor-widget-button\" data-id=\"f9e92e6\" data-element_type=\"widget\" data-e-type=\"widget\" data-widget_type=\"button.default\">\n\t\t\t\t\t\t\t\t\t\t<a class=\"elementor-button elementor-button-link elementor-size-sm\" href=\"https:\/\/bio-balkon.de\/wp-content\/uploads\/2025\/05\/Freebie-1-Das-alles-sind-Schneckenfresser.pdf\" target=\"_blank\" rel=\"nofollow\">\n\t\t\t\t\t\t<span class=\"elementor-button-content-wrapper\">\n\t\t\t\t\t\t\t\t\t<span class=\"elementor-button-text\">Schne\u00adcken\u00adfres\u00adser zum Down\u00adload<\/span>\n\t\t\t\t\t<\/span>\n\t\t\t\t\t<\/a>\n\t\t\t\t\t\t\t\t<\/div>\n\t\t\t\t<\/div>\n\t\t\t\t\t<\/div>\n\t\t\t\t<\/div>\n\t\t\t\t<\/div>","protected":false},"excerpt":{"rendered":"<p>Danke f\u00fcr Deine Bestellung Die Abbuchung erfolgt durch Digistore24. Die Zugangsdaten erh\u00e4ltst Du in K\u00fcrze per E-Mail. Die Aufzeichnung steht Dir lebenslang \u00fcber den Bio-Balkon-Mitgliederbereich zur Verf\u00fcgung. Bei Fragen stehe ich Dir hier zur Verf\u00fcgung. SIGRIDS ARTENSPRECHSTUNDE AUF BIRGITS BIO-BALKON Teil 1 &#8222;Schneckenliebe lohnt sich&#8220; Hier findest Du die Aufzeichnung vom Vortrag Stelle gern Deine [&hellip;]<\/p>\n","protected":false},"author":5,"featured_media":67744,"parent":0,"menu_order":11,"comment_status":"closed","ping_status":"closed","template":"","meta":{"_acf_changed":false,"wp_typography_post_enhancements_disabled":false,"footnotes":""},"class_list":["post-67866","page","type-page","status-publish","has-post-thumbnail","hentry"],"acf":[],"_links":{"self":[{"href":"https:\/\/bio-balkon.de\/en\/wp-json\/wp\/v2\/pages\/67866","targetHints":{"allow":["GET"]}}],"collection":[{"href":"https:\/\/bio-balkon.de\/en\/wp-json\/wp\/v2\/pages"}],"about":[{"href":"https:\/\/bio-balkon.de\/en\/wp-json\/wp\/v2\/types\/page"}],"author":[{"embeddable":true,"href":"https:\/\/bio-balkon.de\/en\/wp-json\/wp\/v2\/users\/5"}],"replies":[{"embeddable":true,"href":"https:\/\/bio-balkon.de\/en\/wp-json\/wp\/v2\/comments?post=67866"}],"version-history":[{"count":6,"href":"https:\/\/bio-balkon.de\/en\/wp-json\/wp\/v2\/pages\/67866\/revisions"}],"predecessor-version":[{"id":79800,"href":"https:\/\/bio-balkon.de\/en\/wp-json\/wp\/v2\/pages\/67866\/revisions\/79800"}],"wp:featuredmedia":[{"embeddable":true,"href":"https:\/\/bio-balkon.de\/en\/wp-json\/wp\/v2\/media\/67744"}],"wp:attachment":[{"href":"https:\/\/bio-balkon.de\/en\/wp-json\/wp\/v2\/media?parent=67866"}],"curies":[{"name":"wp","href":"https:\/\/api.w.org\/{rel}","templated":true}]}}