{"id":10720,"date":"2020-06-12T16:50:44","date_gmt":"2020-07-31T12:34:13","guid":{"rendered":"https:\/\/bio-balkon.de\/empfehlungen\/pflanzgefaesse-9\/"},"modified":"2026-03-29T12:16:42","modified_gmt":"2026-03-29T10:16:42","slug":"wurmkiste_als_stylischer_hocker","status":"publish","type":"page","link":"https:\/\/bio-balkon.de\/en\/empfehlungen\/wurmkiste_als_stylischer_hocker\/","title":{"rendered":"Wurm\u00adkis\u00adte als sty\u00adli\u00adscher Hocker"},"content":{"rendered":"<div data-elementor-type=\"wp-page\" data-elementor-id=\"10720\" class=\"elementor elementor-10720\" data-elementor-post-type=\"page\">\n\t\t\t\t\t\t<section class=\"elementor-section elementor-top-section elementor-element elementor-element-3441a2b0 elementor-section-boxed elementor-section-height-default elementor-section-height-default\" data-id=\"3441a2b0\" data-element_type=\"section\" data-e-type=\"section\">\n\t\t\t\t\t\t<div class=\"elementor-container elementor-column-gap-default\">\n\t\t\t\t\t<div class=\"elementor-column elementor-col-100 elementor-top-column elementor-element elementor-element-18e850da\" data-id=\"18e850da\" data-element_type=\"column\" data-e-type=\"column\">\n\t\t\t<div class=\"elementor-widget-wrap elementor-element-populated\">\n\t\t\t\t\t\t<section class=\"elementor-section elementor-inner-section elementor-element elementor-element-51fb13df elementor-section-boxed elementor-section-height-default elementor-section-height-default\" data-id=\"51fb13df\" data-element_type=\"section\" data-e-type=\"section\">\n\t\t\t\t\t\t<div class=\"elementor-container elementor-column-gap-default\">\n\t\t\t\t\t<div class=\"elementor-column elementor-col-100 elementor-inner-column elementor-element elementor-element-63360ae9\" data-id=\"63360ae9\" data-element_type=\"column\" data-e-type=\"column\">\n\t\t\t<div class=\"elementor-widget-wrap elementor-element-populated\">\n\t\t\t\t\t\t<div class=\"elementor-element elementor-element-5ae4727b elementor-widget elementor-widget-heading\" data-id=\"5ae4727b\" data-element_type=\"widget\" data-e-type=\"widget\" data-widget_type=\"heading.default\">\n\t\t\t\t\t<h1 class=\"elementor-heading-title elementor-size-default\"><a href=\"https:\/\/bio-balkon.de\/en\/recommendations\/wurmkompostierung\/\">Wurm\u00adkis\u00adte als sty\u00adli\u00adscher Hocker<\/a><\/h1>\t\t\t\t<\/div>\n\t\t\t\t<div class=\"elementor-element elementor-element-c051851 elementor-widget elementor-widget-text-editor\" data-id=\"c051851\" data-element_type=\"widget\" data-e-type=\"widget\" data-widget_type=\"text-editor.default\">\n\t\t\t\t\t\t\t\t\t<p>Zum erfolg\u00adrei\u00adchen G\u00e4rt\u00adnern geh\u00f6rt D\u00fcngung\/Pflanzenst\u00e4rkung und ein akti\u00adves Boden\u00adle\u00adben wie in der Natur. Deckel auf, Bio-Abf\u00e4l\u00adle rein. Vier Mona\u00adte sp\u00e4\u00adter Wurm\u00adhu\u00admus ern\u00adten, d\u00fcn\u00adgen, hohe Ertr\u00e4\u00adge ein\u00adfah\u00adren. So fin\u00addet ein Natur\u00adkreis\u00adlauf bei Dir in Woh\u00adnung und Bal\u00adkon statt.<\/p>\t\t\t\t\t\t\t\t<\/div>\n\t\t\t\t<div class=\"elementor-element elementor-element-935fce2 elementor-widget elementor-widget-shortcode\" data-id=\"935fce2\" data-element_type=\"widget\" data-e-type=\"widget\" data-widget_type=\"shortcode.default\">\n\t\t\t\t\t\t\t<div class=\"elementor-shortcode\"><center><div class=\"shariff shariff-align-center shariff-widget-align-left\"><ul class=\"shariff-buttons theme-round orientation-horizontal buttonsize-small\"><li class=\"shariff-button facebook shariff-nocustomcolor\" style=\"background-color:#4273c8\"><a href=\"https:\/\/www.facebook.com\/sharer\/sharer.php?u=https%3A%2F%2Fbio-balkon.de%2Fen%2Fempfehlungen%2Fwurmkiste_als_stylischer_hocker%2F\" title=\"Share on Facebook\" aria-label=\"Share on Facebook\" role=\"button\" rel=\"nofollow\" class=\"shariff-link\" style=\"; background-color:#3b5998; color:#fff\" target=\"_blank\"><span class=\"shariff-icon\" style><svg width=\"32px\" height=\"20px\" viewBox=\"0 0 18 32\"><path fill=\"#3b5998\" d=\"M17.1 0.2v4.7h-2.8q-1.5 0-2.1 0.6t-0.5 1.9v3.4h5.2l-0.7 5.3h-4.5v13.6h-5.5v-13.6h-4.5v-5.3h4.5v-3.9q0-3.3 1.9-5.2t5-1.8q2.6 0 4.1 0.2z\" \/><\/svg><\/span><\/a><\/li><li class=\"shariff-button pinterest shariff-nocustomcolor\" style=\"background-color:#e70f18\"><a href=\"https:\/\/www.pinterest.com\/pin\/create\/link\/?url=https%3A%2F%2Fbio-balkon.de%2Fen%2Fempfehlungen%2Fwurmkiste_als_stylischer_hocker%2F&amp;media=https%3A%2F%2Fbio-balkon.de%2Fwp-content%2Fuploads%2F2019%2F10%2FPinterest-wurmhumus-wurmkiste.avif&amp;description=Wurmkiste%20als%20stylischer%20Hocker\" title=\"Pin on Pinterest\" aria-label=\"Pin on Pinterest\" role=\"button\" rel=\"noopener nofollow\" class=\"shariff-link\" style=\"; background-color:#cb2027; color:#fff\" target=\"_blank\"><span class=\"shariff-icon\" style><svg width=\"32px\" height=\"20px\" viewBox=\"0 0 27 32\"><path fill=\"#cb2027\" d=\"M27.4 16q0 3.7-1.8 6.9t-5 5-6.9 1.9q-2 0-3.9-0.6 1.1-1.7 1.4-2.9 0.2-0.6 1-3.8 0.4 0.7 1.3 1.2t2 0.5q2.1 0 3.8-1.2t2.7-3.4 0.9-4.8q0-2-1.1-3.8t-3.1-2.9-4.5-1.2q-1.9 0-3.5 0.5t-2.8 1.4-2 2-1.2 2.3-0.4 2.4q0 1.9 0.7 3.3t2.1 2q0.5 0.2 0.7-0.4 0-0.1 0.1-0.5t0.2-0.5q0.1-0.4-0.2-0.8-0.9-1.1-0.9-2.7 0-2.7 1.9-4.6t4.9-2q2.7 0 4.2 1.5t1.5 3.8q0 3-1.2 5.2t-3.1 2.1q-1.1 0-1.7-0.8t-0.4-1.9q0.1-0.6 0.5-1.7t0.5-1.8 0.2-1.4q0-0.9-0.5-1.5t-1.4-0.6q-1.1 0-1.9 1t-0.8 2.6q0 1.3 0.4 2.2l-1.8 7.5q-0.3 1.2-0.2 3.2-3.7-1.6-6-5t-2.3-7.6q0-3.7 1.9-6.9t5-5 6.9-1.9 6.9 1.9 5 5 1.8 6.9z\" \/><\/svg><\/span><\/a><\/li><li class=\"shariff-button telegram shariff-nocustomcolor\" style=\"background-color:#4084A6\"><a href=\"https:\/\/telegram.me\/share\/url?url=https%3A%2F%2Fbio-balkon.de%2Fen%2Fempfehlungen%2Fwurmkiste_als_stylischer_hocker%2F&amp;text=Wurmkiste%20als%20stylischer%20Hocker\" title=\"Share on Telegram\" aria-label=\"Share on Telegram\" role=\"button\" rel=\"noopener nofollow\" class=\"shariff-link\" style=\"; background-color:#0088cc; color:#fff\" target=\"_blank\"><span class=\"shariff-icon\" style><svg width=\"32px\" height=\"20px\" viewBox=\"0 0 32 32\"><path fill=\"#0088cc\" d=\"M30.8 6.5l-4.5 21.4c-.3 1.5-1.2 1.9-2.5 1.2L16.9 24l-3.3 3.2c-.4.4-.7.7-1.4.7l.5-7L25.5 9.2c.6-.5-.1-.8-.9-.3l-15.8 10L2 16.7c-1.5-.5-1.5-1.5.3-2.2L28.9 4.3c1.3-.5 2.3.3 1.9 2.2z\" \/><\/svg><\/span><\/a><\/li><li class=\"shariff-button twitter shariff-nocustomcolor\" style=\"background-color:#595959\"><a href=\"https:\/\/twitter.com\/share?url=https%3A%2F%2Fbio-balkon.de%2Fen%2Fempfehlungen%2Fwurmkiste_als_stylischer_hocker%2F&amp;text=Wurmkiste%20als%20stylischer%20Hocker\" title=\"Share at X\" aria-label=\"Share at X\" role=\"button\" rel=\"noopener nofollow\" class=\"shariff-link\" style=\"; background-color:#000; color:#fff\" target=\"_blank\"><span class=\"shariff-icon\" style><svg width=\"32px\" height=\"20px\" viewBox=\"0 0 24 24\"><path fill=\"#000\" d=\"M14.258 10.152L23.176 0h-2.113l-7.747 8.813L7.133 0H0l9.352 13.328L0 23.973h2.113l8.176-9.309 6.531 9.309h7.133zm-2.895 3.293l-.949-1.328L2.875 1.56h3.246l6.086 8.523.945 1.328 7.91 11.078h-3.246zm0 0\" \/><\/svg><\/span><\/a><\/li><li class=\"shariff-button whatsapp shariff-nocustomcolor\" style=\"background-color:#5cbe4a\"><a href=\"https:\/\/api.whatsapp.com\/send?text=https%3A%2F%2Fbio-balkon.de%2Fen%2Fempfehlungen%2Fwurmkiste_als_stylischer_hocker%2F%20Wurmkiste%20als%20stylischer%20Hocker\" title=\"Share on Whatsapp\" aria-label=\"Share on Whatsapp\" role=\"button\" rel=\"noopener nofollow\" class=\"shariff-link\" style=\"; background-color:#34af23; color:#fff\" target=\"_blank\"><span class=\"shariff-icon\" style><svg width=\"32px\" height=\"20px\" viewBox=\"0 0 32 32\"><path fill=\"#34af23\" d=\"M17.6 17.4q0.2 0 1.7 0.8t1.6 0.9q0 0.1 0 0.3 0 0.6-0.3 1.4-0.3 0.7-1.3 1.2t-1.8 0.5q-1 0-3.4-1.1-1.7-0.8-3-2.1t-2.6-3.3q-1.3-1.9-1.3-3.5v-0.1q0.1-1.6 1.3-2.8 0.4-0.4 0.9-0.4 0.1 0 0.3 0t0.3 0q0.3 0 0.5 0.1t0.3 0.5q0.1 0.4 0.6 1.6t0.4 1.3q0 0.4-0.6 1t-0.6 0.8q0 0.1 0.1 0.3 0.6 1.3 1.8 2.4 1 0.9 2.7 1.8 0.2 0.1 0.4 0.1 0.3 0 1-0.9t0.9-0.9zM14 26.9q2.3 0 4.3-0.9t3.6-2.4 2.4-3.6 0.9-4.3-0.9-4.3-2.4-3.6-3.6-2.4-4.3-0.9-4.3 0.9-3.6 2.4-2.4 3.6-0.9 4.3q0 3.6 2.1 6.6l-1.4 4.2 4.3-1.4q2.8 1.9 6.2 1.9zM14 2.2q2.7 0 5.2 1.1t4.3 2.9 2.9 4.3 1.1 5.2-1.1 5.2-2.9 4.3-4.3 2.9-5.2 1.1q-3.5 0-6.5-1.7l-7.4 2.4 2.4-7.2q-1.9-3.2-1.9-6.9 0-2.7 1.1-5.2t2.9-4.3 4.3-2.9 5.2-1.1z\" \/><\/svg><\/span><\/a><\/li><\/ul><\/div><\/center><\/div>\n\t\t\t\t\t\t<\/div>\n\t\t\t\t\t<\/div>\n\t\t<\/div>\n\t\t\t\t\t<\/div>\n\t\t<\/section>\n\t\t\t\t\t<\/div>\n\t\t<\/div>\n\t\t\t\t\t<\/div>\n\t\t<\/section>\n\t\t\t\t<section class=\"elementor-section elementor-top-section elementor-element elementor-element-5d2fe7d elementor-section-boxed elementor-section-height-default elementor-section-height-default\" data-id=\"5d2fe7d\" data-element_type=\"section\" data-e-type=\"section\" data-settings=\"{&quot;background_background&quot;:&quot;classic&quot;}\">\n\t\t\t\t\t\t<div class=\"elementor-container elementor-column-gap-default\">\n\t\t\t\t\t<div class=\"elementor-column elementor-col-100 elementor-top-column elementor-element elementor-element-9464377\" data-id=\"9464377\" data-element_type=\"column\" data-e-type=\"column\" data-settings=\"{&quot;background_background&quot;:&quot;classic&quot;}\">\n\t\t\t<div class=\"elementor-widget-wrap elementor-element-populated\">\n\t\t\t\t\t\t<section class=\"elementor-section elementor-inner-section elementor-element elementor-element-6ed9856 elementor-section-boxed elementor-section-height-default elementor-section-height-default\" data-id=\"6ed9856\" data-element_type=\"section\" data-e-type=\"section\" data-settings=\"{&quot;background_background&quot;:&quot;classic&quot;}\">\n\t\t\t\t\t\t<div class=\"elementor-container elementor-column-gap-default\">\n\t\t\t\t\t<div class=\"elementor-column elementor-col-50 elementor-inner-column elementor-element elementor-element-c09519e\" data-id=\"c09519e\" data-element_type=\"column\" data-e-type=\"column\">\n\t\t\t<div class=\"elementor-widget-wrap elementor-element-populated\">\n\t\t\t\t\t\t<div class=\"elementor-element elementor-element-18ed32e elementor-widget elementor-widget-image\" data-id=\"18ed32e\" data-element_type=\"widget\" data-e-type=\"widget\" data-widget_type=\"image.default\">\n\t\t\t\t\t\t\t\t\t\t\t\t\t\t\t\t<a href=\"https:\/\/wurmkiste.at\/?wpam_id=14\" target=\"_blank\" rel=\"nofollow\">\n\t\t\t\t\t\t\t<img loading=\"lazy\" decoding=\"async\" width=\"300\" height=\"242\" src=\"https:\/\/bio-balkon.de\/wp-content\/uploads\/2021\/02\/wurmkiste-david-witzeneder-300x242.avif\" class=\"attachment-medium size-medium wp-image-21276\" alt srcset=\"https:\/\/bio-balkon.de\/wp-content\/uploads\/2021\/02\/wurmkiste-david-witzeneder-300x242.avif 300w, https:\/\/bio-balkon.de\/wp-content\/uploads\/2021\/02\/wurmkiste-david-witzeneder-15x12.avif 15w, https:\/\/bio-balkon.de\/wp-content\/uploads\/2021\/02\/wurmkiste-david-witzeneder.avif 495w\" sizes=\"auto, (max-width: 300px) 100vw, 300px\">\t\t\t\t\t\t\t\t<\/a>\n\t\t\t\t\t\t\t\t\t\t\t\t\t\t\t<\/div>\n\t\t\t\t<div class=\"elementor-element elementor-element-1748470 elementor-widget elementor-widget-image\" data-id=\"1748470\" data-element_type=\"widget\" data-e-type=\"widget\" data-widget_type=\"image.default\">\n\t\t\t\t\t\t\t\t\t\t\t\t\t\t\t\t<a href=\"https:\/\/wurmkiste.at\/?wpam_id=14\" target=\"_blank\" rel=\"nofollow\">\n\t\t\t\t\t\t\t<img loading=\"lazy\" decoding=\"async\" width=\"300\" height=\"300\" src=\"https:\/\/bio-balkon.de\/wp-content\/uploads\/2026\/03\/Buch-Wurmkisten-Handbuch-Wurmkompostierung-Wurmkiste-selber-bauen-Anleitung-2-300x300.avif\" class=\"attachment-medium size-medium wp-image-90557\" alt=\"Handbuch zur Wurmkompostierung in einer Wurmkiste von David Witzeneder\" srcset=\"https:\/\/bio-balkon.de\/wp-content\/uploads\/2026\/03\/Buch-Wurmkisten-Handbuch-Wurmkompostierung-Wurmkiste-selber-bauen-Anleitung-2-300x300.avif 300w, https:\/\/bio-balkon.de\/wp-content\/uploads\/2026\/03\/Buch-Wurmkisten-Handbuch-Wurmkompostierung-Wurmkiste-selber-bauen-Anleitung-2-150x150.avif 150w, https:\/\/bio-balkon.de\/wp-content\/uploads\/2026\/03\/Buch-Wurmkisten-Handbuch-Wurmkompostierung-Wurmkiste-selber-bauen-Anleitung-2-768x768.avif 768w, https:\/\/bio-balkon.de\/wp-content\/uploads\/2026\/03\/Buch-Wurmkisten-Handbuch-Wurmkompostierung-Wurmkiste-selber-bauen-Anleitung-2-12x12.avif 12w, https:\/\/bio-balkon.de\/wp-content\/uploads\/2026\/03\/Buch-Wurmkisten-Handbuch-Wurmkompostierung-Wurmkiste-selber-bauen-Anleitung-2.avif 900w\" sizes=\"auto, (max-width: 300px) 100vw, 300px\">\t\t\t\t\t\t\t\t<\/a>\n\t\t\t\t\t\t\t\t\t\t\t\t\t\t\t<\/div>\n\t\t\t\t\t<\/div>\n\t\t<\/div>\n\t\t\t\t<div class=\"elementor-column elementor-col-50 elementor-inner-column elementor-element elementor-element-5e2c9f7\" data-id=\"5e2c9f7\" data-element_type=\"column\" data-e-type=\"column\">\n\t\t\t<div class=\"elementor-widget-wrap elementor-element-populated\">\n\t\t\t\t\t\t<div class=\"elementor-element elementor-element-e840d42 elementor-widget elementor-widget-heading\" data-id=\"e840d42\" data-element_type=\"widget\" data-e-type=\"widget\" data-widget_type=\"heading.default\">\n\t\t\t\t\t<h2 class=\"elementor-heading-title elementor-size-default\">Wurm\u00adkis\u00adte aus nach\u00adhal\u00adti\u00adgem Holz<\/h2>\t\t\t\t<\/div>\n\t\t\t\t<div class=\"elementor-element elementor-element-3bd8951 elementor-widget elementor-widget-heading\" data-id=\"3bd8951\" data-element_type=\"widget\" data-e-type=\"widget\" data-widget_type=\"heading.default\">\n\t\t\t\t\t<h2 class=\"elementor-heading-title elementor-size-default\">Ver\u00adsand\u00adkos\u00adten\u00adfrei ab 100\u20ac nach AT, DE und CH mit Gut\u00adschein \u201cbio-bal\u00adkon\u00ad100\u201d (Gilt bis 12.04.26)<\/h2>\t\t\t\t<\/div>\n\t\t\t\t<div class=\"elementor-element elementor-element-94d8f68 elementor-widget elementor-widget-text-editor\" data-id=\"94d8f68\" data-element_type=\"widget\" data-e-type=\"widget\" data-widget_type=\"text-editor.default\">\n\t\t\t\t\t\t\t\t\t<p><a href=\"https:\/\/wurmkiste.at\/produkt\/selbstbauset-wurmkiste-mit-oder-ohne-sitz\/?wpam_id=14\" target=\"_blank\" rel=\"noopener\">Die\u00adse Wurm\u00adkis\u00adte<\/a> besit\u00adze ich seit 2015. Wir haben eine fei\u00adne Bezie\u00adhung mit\u00adein\u00adan\u00adder. Schaut, was m\u00f6g\u00adlich ist:&nbsp;<a href=\"https:\/\/www.youtube.com\/watch?v=JPuDbca6VC4\" target=\"_blank\" rel=\"noopener noreferrer\">Har\u00adve\u00adst \u2014 thanks to worm humus and Effec\u00adti\u00adve Micro\u00ador\u00adga\u00adnisms \u2014 in a 60-cen\u00adti\u00adme\u00adter-long bal\u00adc\u00ado\u00adny box.<\/a><\/p><p>Hier liest Du von mei\u00adnen <a href=\"https:\/\/bio-balkon.de\/en\/best-fertilizer-for-the-balcony-worm-humus-from-the-worm-bin\/\">Erfah\u00adrun\u00adgen seit 2015<\/a>. Mit Wurm\u00adhu\u00admus kann man <a href=\"https:\/\/bio-balkon.de\/en\/besser-gaertnern-mit-komposttee\/\">invi\u00adgo\u00adra\u00adting, fer\u00adti\u00adli\u00adzing com\u00adpost tea<\/a> anset\u00adzen.<\/p><p>To the&nbsp;<a href=\"https:\/\/wurmkiste.at\/richtig-kompostieren\/?wpam_id=14\" target=\"_blank\" rel=\"noopener\">Betriebs\u00adan\u00adlei\u00adtung und Funk\u00adti\u00adons\u00adwei\u00adse der Wurm\u00adkis\u00adte<\/a><\/p><p>Die Neu\u00adheit <a href=\"https:\/\/wurmkiste.at\/produkt\/wurmvase-kompostieren-im-gemuesebeet\/?wpam_id=14\" target=\"_blank\" rel=\"noopener\">Wurm\u00adva\u00adse<\/a> f\u00fcr das Kom\u00adpos\u00adtie\u00adren in Hoch\u00adbeet und Ver\u00adti\u00adkal\u00adbeet.<\/p>\t\t\t\t\t\t\t\t<\/div>\n\t\t\t\t<div class=\"elementor-element elementor-element-22a461e elementor-mobile-align-center elementor-widget elementor-widget-button\" data-id=\"22a461e\" data-element_type=\"widget\" data-e-type=\"widget\" data-widget_type=\"button.default\">\n\t\t\t\t\t\t\t\t\t\t<a class=\"elementor-button elementor-button-link elementor-size-sm\" href=\"https:\/\/wurmkiste.at\/?wpam_id=14\" target=\"_blank\">\n\t\t\t\t\t\t<span class=\"elementor-button-content-wrapper\">\n\t\t\t\t\t\t\t\t\t<span class=\"elementor-button-text\">To the store<\/span>\n\t\t\t\t\t<\/span>\n\t\t\t\t\t<\/a>\n\t\t\t\t\t\t\t\t<\/div>\n\t\t\t\t<div class=\"elementor-element elementor-element-8885072 elementor-widget elementor-widget-heading\" data-id=\"8885072\" data-element_type=\"widget\" data-e-type=\"widget\" data-widget_type=\"heading.default\">\n\t\t\t\t\t<h2 class=\"elementor-heading-title elementor-size-default\">Hand\u00adbuch zur Wurm\u00adkom\u00adpos\u00adtie\u00adrung anstel\u00adle von 25 \u20ac um 7 \u20ac (spe\u00adzi\u00adel\u00adler Einf\u00fchrungspreis)(Gilt bis 12.04.26)<\/h2>\t\t\t\t<\/div>\n\t\t\t\t<div class=\"elementor-element elementor-element-9164034 elementor-mobile-align-center elementor-widget elementor-widget-button\" data-id=\"9164034\" data-element_type=\"widget\" data-e-type=\"widget\" data-widget_type=\"button.default\">\n\t\t\t\t\t\t\t\t\t\t<a class=\"elementor-button elementor-button-link elementor-size-sm\" href=\"https:\/\/wurmkiste.at\/produkt\/buch-wurmkompostierung\/?wpam_id=14\" target=\"_blank\">\n\t\t\t\t\t\t<span class=\"elementor-button-content-wrapper\">\n\t\t\t\t\t\t\t\t\t<span class=\"elementor-button-text\">Zur Vor\u00adbe\u00adstel\u00adlung vom Hand\u00adbuch \u2014 ist noch im Druck<\/span>\n\t\t\t\t\t<\/span>\n\t\t\t\t\t<\/a>\n\t\t\t\t\t\t\t\t<\/div>\n\t\t\t\t\t<\/div>\n\t\t<\/div>\n\t\t\t\t\t<\/div>\n\t\t<\/section>\n\t\t\t\t\t<\/div>\n\t\t<\/div>\n\t\t\t\t\t<\/div>\n\t\t<\/section>\n\t\t\t\t<\/div>","protected":false},"excerpt":{"rendered":"<p>Wurmkiste als stylischer Hocker Zum erfolgreichen G\u00e4rtnern geh\u00f6rt D\u00fcngung\/Pflanzenst\u00e4rkung und ein aktives Bodenleben wie in der Natur. Deckel auf, Bio-Abf\u00e4lle rein. Vier Monate sp\u00e4ter Wurmhumus ernten, d\u00fcngen, hohe Ertr\u00e4ge einfahren. So findet ein Naturkreislauf bei Dir in Wohnung und Balkon statt. Wurmkiste aus nachhaltigem Holz Versandkostenfrei ab 100\u20ac nach AT, DE und CH mit Gutschein [&hellip;]<\/p>\n","protected":false},"author":5,"featured_media":14360,"parent":7495,"menu_order":20,"comment_status":"closed","ping_status":"closed","template":"","meta":{"_acf_changed":false,"wp_typography_post_enhancements_disabled":false,"footnotes":""},"class_list":["post-10720","page","type-page","status-publish","has-post-thumbnail","hentry"],"acf":[],"_links":{"self":[{"href":"https:\/\/bio-balkon.de\/en\/wp-json\/wp\/v2\/pages\/10720","targetHints":{"allow":["GET"]}}],"collection":[{"href":"https:\/\/bio-balkon.de\/en\/wp-json\/wp\/v2\/pages"}],"about":[{"href":"https:\/\/bio-balkon.de\/en\/wp-json\/wp\/v2\/types\/page"}],"author":[{"embeddable":true,"href":"https:\/\/bio-balkon.de\/en\/wp-json\/wp\/v2\/users\/5"}],"replies":[{"embeddable":true,"href":"https:\/\/bio-balkon.de\/en\/wp-json\/wp\/v2\/comments?post=10720"}],"version-history":[{"count":3,"href":"https:\/\/bio-balkon.de\/en\/wp-json\/wp\/v2\/pages\/10720\/revisions"}],"predecessor-version":[{"id":90560,"href":"https:\/\/bio-balkon.de\/en\/wp-json\/wp\/v2\/pages\/10720\/revisions\/90560"}],"up":[{"embeddable":true,"href":"https:\/\/bio-balkon.de\/en\/wp-json\/wp\/v2\/pages\/7495"}],"wp:featuredmedia":[{"embeddable":true,"href":"https:\/\/bio-balkon.de\/en\/wp-json\/wp\/v2\/media\/14360"}],"wp:attachment":[{"href":"https:\/\/bio-balkon.de\/en\/wp-json\/wp\/v2\/media?parent=10720"}],"curies":[{"name":"wp","href":"https:\/\/api.w.org\/{rel}","templated":true}]}}